{"id":22,"date":"2020-03-27T10:08:06","date_gmt":"2020-03-27T10:08:06","guid":{"rendered":"https:\/\/advensia.de\/fr\/?page_id=22"},"modified":"2020-04-09T16:51:04","modified_gmt":"2020-04-09T16:51:04","slug":"qui-nous-sommes","status":"publish","type":"page","link":"https:\/\/advensia.de\/fr\/qui-nous-sommes\/","title":{"rendered":"Advensia"},"content":{"rendered":"\n<div class=\"wp-block-columns has-2-columns is-layout-flex wp-container-core-columns-layout-1 wp-block-columns-is-layout-flex\">\n<div class=\"wp-block-column is-layout-flow wp-block-column-is-layout-flow\">\n<p><\/p>\n<\/div>\n\n\n\n<div class=\"wp-block-column is-layout-flow wp-block-column-is-layout-flow\"><\/div>\n<\/div>\n\n\n\n<h4 class=\"wp-block-heading\" style=\"text-align:center\"> Connecter intelligemment votre organisation et cr\u00e9er de la valeur \u00e0 partir de votre data<\/h4>\n\n\n\n<div class=\"wp-block-columns has-2-columns is-layout-flex wp-container-core-columns-layout-2 wp-block-columns-is-layout-flex\">\n<div class=\"wp-block-column is-layout-flow wp-block-column-is-layout-flow\">\n<p><\/p>\n<\/div>\n\n\n\n<div class=\"wp-block-column is-layout-flow wp-block-column-is-layout-flow\"><\/div>\n<\/div>\n\n\n\n<p class=\"has-drop-cap has-medium-font-size\">Advensia est une soci\u00e9t\u00e9 de service et Consulting IT sp\u00e9cialis\u00e9e dans le d\u00e9veloppement et l\u2019int\u00e9gration des solutions IoT et Business Intelligence.  <\/p>\n\n\n\n<div class=\"wp-block-columns has-2-columns is-layout-flex wp-container-core-columns-layout-3 wp-block-columns-is-layout-flex\">\n<div class=\"wp-block-column is-layout-flow wp-block-column-is-layout-flow\">\n<p><\/p>\n<\/div>\n\n\n\n<div class=\"wp-block-column is-layout-flow wp-block-column-is-layout-flow\"><\/div>\n<\/div>\n\n\n\n<p style=\"text-align:center\" class=\"has-text-color has-large-font-size has-vivid-cyan-blue-color\"><strong><em>Notre Mission<\/em><\/strong><\/p>\n\n\n\n<p style=\"font-size:24px;text-align:center\"><strong>D\u00e9velopper des services innovants et cr\u00e9er de la valeur en identifiant et\u00a0exploitant les donn\u00e9es pertinentes: Data Intelligence<\/strong><\/p>\n\n\n\n<div class=\"wp-block-columns has-2-columns is-layout-flex wp-container-core-columns-layout-4 wp-block-columns-is-layout-flex\">\n<div class=\"wp-block-column is-layout-flow wp-block-column-is-layout-flow\">\n<p><\/p>\n<\/div>\n\n\n\n<div class=\"wp-block-column is-layout-flow wp-block-column-is-layout-flow\"><\/div>\n<\/div>\n\n\n\n<p style=\"text-align:center\" class=\"has-medium-font-size\"><strong>Cr\u00e9er un jumeau num\u00e9rique intelligent \u00e0 votre espace physique capable de mettre \u00e0 jour des syst\u00e8mes, contr\u00f4ler des appareils et d\u00e9clencher des alarmes<\/strong><\/p>\n\n\n\n<p>Notre d\u00e9marche: <\/p>\n\n\n\n<ul><li> Connecter intelligemment votre entreprise <\/li><li>Transformer les donn\u00e9es de tra\u00e7abilit\u00e9 en business intelligence.<\/li><li>Recueillir des informations significatives \u00e0 partir de donn\u00e9es et convertir ces informations en actions qui am\u00e9liorent les processus m\u00e9tiers et cr\u00e9ent de la\u00a0 valeur ajout\u00e9e <\/li><li>Partager et se conformer \u00e0 nos valeurs, notre levier de performance <\/li><\/ul>\n\n\n\n<div class=\"wp-block-columns has-2-columns is-layout-flex wp-container-core-columns-layout-5 wp-block-columns-is-layout-flex\">\n<div class=\"wp-block-column is-layout-flow wp-block-column-is-layout-flow\">\n<p><\/p>\n<\/div>\n\n\n\n<div class=\"wp-block-column is-layout-flow wp-block-column-is-layout-flow\"><\/div>\n<\/div>\n\n\n\n<p style=\"text-align:center\" class=\"has-text-color has-large-font-size has-vivid-cyan-blue-color\"><strong><em>Nos Valeurs<\/em><\/strong><\/p>\n\n\n\n<div class=\"wp-block-columns has-2-columns is-layout-flex wp-container-core-columns-layout-6 wp-block-columns-is-layout-flex\">\n<div class=\"wp-block-column is-layout-flow wp-block-column-is-layout-flow\">\n<p><\/p>\n<\/div>\n\n\n\n<div class=\"wp-block-column is-layout-flow wp-block-column-is-layout-flow\"><\/div>\n<\/div>\n\n\n\n<div class=\"wp-block-image\"><figure class=\"aligncenter is-resized\"><img loading=\"lazy\" decoding=\"async\" src=\"https:\/\/advensia.de\/fr\/wp-content\/uploads\/2020\/03\/valeurs-1024x458.png\" alt=\"\" class=\"wp-image-24\" width=\"512\" height=\"229\" srcset=\"https:\/\/advensia.de\/fr\/wp-content\/uploads\/2020\/03\/valeurs-1024x458.png 1024w, https:\/\/advensia.de\/fr\/wp-content\/uploads\/2020\/03\/valeurs-300x134.png 300w, https:\/\/advensia.de\/fr\/wp-content\/uploads\/2020\/03\/valeurs-768x343.png 768w, https:\/\/advensia.de\/fr\/wp-content\/uploads\/2020\/03\/valeurs.png 1298w\" sizes=\"(max-width: 512px) 100vw, 512px\" \/><\/figure><\/div>\n","protected":false},"excerpt":{"rendered":"<p>Connecter intelligemment votre organisation et cr\u00e9er de la valeur \u00e0 partir de votre data Advensia est une soci\u00e9t\u00e9 de service et Consulting IT sp\u00e9cialis\u00e9e dans le d\u00e9veloppement et l\u2019int\u00e9gration des solutions IoT et Business Intelligence. Notre Mission D\u00e9velopper des services innovants et cr\u00e9er de la valeur en identifiant et\u00a0exploitant les donn\u00e9es pertinentes: Data Intelligence Cr\u00e9er<\/p>\n<a class=\"btn_a\" href=\"https:\/\/advensia.de\/fr\/qui-nous-sommes\/\"><span><i class=\"in_left fa fa-angle-right\"><\/i><span>Details<\/span><i class=\"in_right fa fa-angle-right\"><\/i><\/span><\/a>","protected":false},"author":2,"featured_media":291,"parent":0,"menu_order":0,"comment_status":"closed","ping_status":"closed","template":"page-fullwidth.php","meta":{"footnotes":""},"_links":{"self":[{"href":"https:\/\/advensia.de\/fr\/wp-json\/wp\/v2\/pages\/22"}],"collection":[{"href":"https:\/\/advensia.de\/fr\/wp-json\/wp\/v2\/pages"}],"about":[{"href":"https:\/\/advensia.de\/fr\/wp-json\/wp\/v2\/types\/page"}],"author":[{"embeddable":true,"href":"https:\/\/advensia.de\/fr\/wp-json\/wp\/v2\/users\/2"}],"replies":[{"embeddable":true,"href":"https:\/\/advensia.de\/fr\/wp-json\/wp\/v2\/comments?post=22"}],"version-history":[{"count":5,"href":"https:\/\/advensia.de\/fr\/wp-json\/wp\/v2\/pages\/22\/revisions"}],"predecessor-version":[{"id":464,"href":"https:\/\/advensia.de\/fr\/wp-json\/wp\/v2\/pages\/22\/revisions\/464"}],"wp:featuredmedia":[{"embeddable":true,"href":"https:\/\/advensia.de\/fr\/wp-json\/wp\/v2\/media\/291"}],"wp:attachment":[{"href":"https:\/\/advensia.de\/fr\/wp-json\/wp\/v2\/media?parent=22"}],"curies":[{"name":"wp","href":"https:\/\/api.w.org\/{rel}","templated":true}]}}