{"id":268,"date":"2020-03-30T16:49:49","date_gmt":"2020-03-30T16:49:49","guid":{"rendered":"https:\/\/advensia.de\/fr\/?page_id=268"},"modified":"2020-04-09T18:50:43","modified_gmt":"2020-04-09T18:50:43","slug":"mentions-legales","status":"publish","type":"page","link":"https:\/\/advensia.de\/fr\/mentions-legales\/","title":{"rendered":"Mentions L\u00e9gales"},"content":{"rendered":"\n<p style=\"text-align:left\" class=\"has-medium-font-size\"><strong> Information Soumise \u00e0 la R\u00e9glementation Article 5 TMG (Loi Allemande)<\/strong><\/p>\n\n\n\n<p><strong>Advensia GmbH<\/strong><br>Kernerstra\u00dfe 2a<br>70182 Stuttgart<br>Handelsregister: 756375<br>Registergericht: Amtsgericht Stuttgart<strong>Represent\u00e9 par :<br><\/strong>Dr. -Ing. Jaouhar Jemai<br>Dipl. -Inf. Amjed Ben Salah<\/p>\n\n\n\n<p><strong>Contact<br><\/strong>Phone: +49 711 50 49 22 19<br>Mobile:&nbsp;+49 160 90 30 92 28&nbsp;\/&nbsp;+49 176 23 25 72 64 <br>Telefax: +49 711 50 49 22 20<br>E-Mail: info@advensia.de <\/p>\n\n\n\n<p><strong>Matricule Fiscal<\/strong> \u00a0<strong><br><\/strong>Num\u00e9ro d\u2019identification fiscale assujetti \u00e0 la r\u00e9glementation de l\u2019article 27 a de la Loi allemande sur la taxe sur la valeur ajout\u00e9e : DE30657982<\/p>\n\n\n\n<p class=\"has-medium-font-size\"><strong>Informations sur l\u2019assurance responsabilit\u00e9 professionnelle &nbsp;<\/strong><\/p>\n\n\n\n<p><strong>Nom et adresse de l\u00b4assureur:<br><\/strong>W\u00fcrttembergische<br>Gutenbergstr. 30, 70176 Stuttgart<\/p>\n\n\n\n<p><strong>Espace de validit\u00e9 de l\u00b4assurance :<br><\/strong>Allemagne et Europe<\/p>\n\n\n\n<p class=\"has-medium-font-size\"><strong>Site Web de r\u00e8glement des diff\u00e9rends en ligne de la Commission Europ\u00e9enne<\/strong><\/p>\n\n\n\n<p>Afin que les consommateurs et les fournisseurs r\u00e9solvent un diff\u00e9rend \u00e0 l\u2019amiable, la Commission europ\u00e9enne a d\u00e9velopp\u00e9 le site Web de r\u00e8glement des diff\u00e9rends en ligne : <a href=\"http:\/\/www.ec.europa.eu\/consumers\/odr\">www.ec.europa.eu\/consumers\/odr<\/a> <\/p>\n\n\n\n<p class=\"has-medium-font-size\"><strong>Avertissement\njuridique<\/strong><\/p>\n\n\n\n<p>Le\ncontenu de ces pages a \u00e9t\u00e9 pr\u00e9par\u00e9 avec le plus grand soin. N\u00e9anmoins, nous ne\npouvons pas assumer la responsabilit\u00e9 de l\u2019exactitude et de l\u2019exhaustivit\u00e9\nintemporelles de l\u2019information.<\/p>\n\n\n\n<p> Notre site Web contient des liens vers des sites Web externes. Comme le contenu de ces sites Web tiers \u00e9chappe \u00e0 notre contr\u00f4le, nous ne pouvons en aucun cas \u00eatre responsables du contenu des pages et toute information qui en est divulgu\u00e9e. La responsabilit\u00e9 du contenu des pages li\u00e9es est toujours d\u00e9tenue par le fournisseur ou l\u2019op\u00e9rateur des pages.  <\/p>\n\n\n\n<p class=\"has-medium-font-size\"><strong>Protection\ndes donn\u00e9es<\/strong><\/p>\n\n\n\n<p> Lors de la visite du site Web d\u2019Advensia GmbH, aucune donn\u00e9e personnelle n\u2019est enregistr\u00e9e. Toutefois, ces donn\u00e9es peuvent \u00eatre partag\u00e9es sur une base volontaire. Aucune donn\u00e9e ne sera transmise \u00e0 des tiers sans votre consentement.  Nous faisons remarquer qu\u2019en ce qui concerne la transmission de donn\u00e9es non s\u00e9curis\u00e9es sur Internet (par exemple par e-mail), la s\u00e9curit\u00e9 ne peut \u00eatre garantie. De telles donn\u00e9es pourraient \u00eatre consult\u00e9es par des tiers.<\/p>\n\n\n\n<p>Source&nbsp;:\ne-recht24<\/p>\n","protected":false},"excerpt":{"rendered":"<p>Information Soumise \u00e0 la R\u00e9glementation Article 5 TMG (Loi Allemande) Advensia GmbHKernerstra\u00dfe 2a70182 StuttgartHandelsregister: 756375Registergericht: Amtsgericht StuttgartRepresent\u00e9 par :Dr. -Ing. Jaouhar JemaiDipl. -Inf. Amjed Ben Salah ContactPhone: +49 711 50 49 22 19Mobile:&nbsp;+49 160 90 30 92 28&nbsp;\/&nbsp;+49 176 23 25 72 64 Telefax: +49 711 50 49 22 20E-Mail: info@advensia.de Matricule Fiscal \u00a0Num\u00e9ro d\u2019identification<\/p>\n<a class=\"btn_a\" href=\"https:\/\/advensia.de\/fr\/mentions-legales\/\"><span><i class=\"in_left fa fa-angle-right\"><\/i><span>Details<\/span><i class=\"in_right fa fa-angle-right\"><\/i><\/span><\/a>","protected":false},"author":2,"featured_media":0,"parent":0,"menu_order":0,"comment_status":"closed","ping_status":"closed","template":"page-fullwidth.php","meta":{"footnotes":""},"_links":{"self":[{"href":"https:\/\/advensia.de\/fr\/wp-json\/wp\/v2\/pages\/268"}],"collection":[{"href":"https:\/\/advensia.de\/fr\/wp-json\/wp\/v2\/pages"}],"about":[{"href":"https:\/\/advensia.de\/fr\/wp-json\/wp\/v2\/types\/page"}],"author":[{"embeddable":true,"href":"https:\/\/advensia.de\/fr\/wp-json\/wp\/v2\/users\/2"}],"replies":[{"embeddable":true,"href":"https:\/\/advensia.de\/fr\/wp-json\/wp\/v2\/comments?post=268"}],"version-history":[{"count":8,"href":"https:\/\/advensia.de\/fr\/wp-json\/wp\/v2\/pages\/268\/revisions"}],"predecessor-version":[{"id":479,"href":"https:\/\/advensia.de\/fr\/wp-json\/wp\/v2\/pages\/268\/revisions\/479"}],"wp:attachment":[{"href":"https:\/\/advensia.de\/fr\/wp-json\/wp\/v2\/media?parent=268"}],"curies":[{"name":"wp","href":"https:\/\/api.w.org\/{rel}","templated":true}]}}