{"id":29,"date":"2020-03-27T10:25:27","date_gmt":"2020-03-27T10:25:27","guid":{"rendered":"https:\/\/advensia.de\/fr\/?page_id=29"},"modified":"2020-04-09T18:30:58","modified_gmt":"2020-04-09T18:30:58","slug":"expertise","status":"publish","type":"page","link":"https:\/\/advensia.de\/fr\/expertise\/","title":{"rendered":"Expertise"},"content":{"rendered":"\n<p> Avec une forte\u00a0 exp\u00e9rience de meilleures pratiques de plus de 10 ans et des r\u00e9f\u00e9rences majeures, les experts Advensia apportent leur savoir-faire aux clients \u00a0pour mettre en place des solutions autour de   <\/p>\n\n\n\n<div class=\"wp-block-columns has-2-columns is-layout-flex wp-container-core-columns-layout-1 wp-block-columns-is-layout-flex\">\n<div class=\"wp-block-column is-layout-flow wp-block-column-is-layout-flow\">\n<p><\/p>\n<\/div>\n\n\n\n<div class=\"wp-block-column is-layout-flow wp-block-column-is-layout-flow\"><\/div>\n<\/div>\n\n\n\n<ul><li>L\u2019int\u00e9gration de solutions RTLS <\/li><li>La Data Intelligence<\/li><li>Le d\u00e9veloppement Full Stack (Front-end et Back-end)<\/li><\/ul>\n\n\n\n<ul><li><\/li><\/ul>\n\n\n\n<div class=\"wp-block-columns has-2-columns is-layout-flex wp-container-core-columns-layout-2 wp-block-columns-is-layout-flex\">\n<div class=\"wp-block-column is-layout-flow wp-block-column-is-layout-flow\">\n<p><\/p>\n\n\n\n<h2 class=\"wp-block-heading\" style=\"text-align:center\"><a href=\"https:\/\/advensia.de\/fr\/expertise\/integration-de-solutions-rtls\/\">Int\u00e9gration de solutions RTLS<\/a><\/h2>\n<\/div>\n\n\n\n<div class=\"wp-block-column is-layout-flow wp-block-column-is-layout-flow\">\n<div class=\"wp-block-image\"><figure class=\"aligncenter\"><a href=\"https:\/\/advensia.de\/fr\/expertise\/integration-de-solutions-rtls\/\"><img loading=\"lazy\" decoding=\"async\" width=\"1024\" height=\"735\" src=\"https:\/\/advensia.de\/fr\/wp-content\/uploads\/2020\/04\/AdobeStock_70068997-1024x735.jpeg\" alt=\"\" class=\"wp-image-304\" srcset=\"https:\/\/advensia.de\/fr\/wp-content\/uploads\/2020\/04\/AdobeStock_70068997-1024x735.jpeg 1024w, https:\/\/advensia.de\/fr\/wp-content\/uploads\/2020\/04\/AdobeStock_70068997-300x215.jpeg 300w, https:\/\/advensia.de\/fr\/wp-content\/uploads\/2020\/04\/AdobeStock_70068997-768x551.jpeg 768w\" sizes=\"(max-width: 1024px) 100vw, 1024px\" \/><\/a><\/figure><\/div>\n<\/div>\n<\/div>\n\n\n\n<div class=\"wp-block-columns has-2-columns is-layout-flex wp-container-core-columns-layout-3 wp-block-columns-is-layout-flex\">\n<div class=\"wp-block-column is-layout-flow wp-block-column-is-layout-flow\">\n<p><\/p>\n\n\n\n<h2 class=\"wp-block-heading\" style=\"text-align:center\"><a href=\"https:\/\/advensia.de\/fr\/expertise\/le-framework-data-intelligence-dadvensia\/\">Framework Data Intelligence  ADVENSIA<\/a><\/h2>\n<\/div>\n\n\n\n<div class=\"wp-block-column is-layout-flow wp-block-column-is-layout-flow\">\n<div class=\"wp-block-image\"><figure class=\"aligncenter\"><a href=\"https:\/\/advensia.de\/fr\/expertise\/le-framework-data-intelligence-dadvensia\/\"><img loading=\"lazy\" decoding=\"async\" width=\"1024\" height=\"683\" src=\"https:\/\/advensia.de\/fr\/wp-content\/uploads\/2020\/04\/AdobeStock_171544468-1024x683.jpeg\" alt=\"\" class=\"wp-image-293\" srcset=\"https:\/\/advensia.de\/fr\/wp-content\/uploads\/2020\/04\/AdobeStock_171544468-1024x683.jpeg 1024w, https:\/\/advensia.de\/fr\/wp-content\/uploads\/2020\/04\/AdobeStock_171544468-300x200.jpeg 300w, https:\/\/advensia.de\/fr\/wp-content\/uploads\/2020\/04\/AdobeStock_171544468-768x512.jpeg 768w, https:\/\/advensia.de\/fr\/wp-content\/uploads\/2020\/04\/AdobeStock_171544468-90x60.jpeg 90w\" sizes=\"(max-width: 1024px) 100vw, 1024px\" \/><\/a><\/figure><\/div>\n<\/div>\n<\/div>\n\n\n\n<div class=\"wp-block-columns has-2-columns is-layout-flex wp-container-core-columns-layout-5 wp-block-columns-is-layout-flex\">\n<div class=\"wp-block-column is-layout-flow wp-block-column-is-layout-flow\">\n<div class=\"wp-block-columns has-2-columns is-layout-flex wp-container-core-columns-layout-4 wp-block-columns-is-layout-flex\">\n<div class=\"wp-block-column is-layout-flow wp-block-column-is-layout-flow\">\n<p><\/p>\n<\/div>\n\n\n\n<div class=\"wp-block-column is-layout-flow wp-block-column-is-layout-flow\">\n<p><\/p>\n<\/div>\n<\/div>\n\n\n\n<h2 class=\"wp-block-heading\" style=\"text-align:center\"><a href=\"https:\/\/advensia.de\/fr\/expertise\/digital-web-full-stack\/\">Digital &amp; Web Frontend et Backend<\/a><\/h2>\n<\/div>\n\n\n\n<div class=\"wp-block-column is-layout-flow wp-block-column-is-layout-flow\">\n<div class=\"wp-block-image\"><figure class=\"aligncenter\"><a href=\"https:\/\/advensia.de\/fr\/expertise\/digital-web-full-stack\/\"><img loading=\"lazy\" decoding=\"async\" width=\"1024\" height=\"683\" src=\"https:\/\/advensia.de\/fr\/wp-content\/uploads\/2020\/04\/AdobeStock_120902001-4-1024x683.png\" alt=\"\" class=\"wp-image-303\" srcset=\"https:\/\/advensia.de\/fr\/wp-content\/uploads\/2020\/04\/AdobeStock_120902001-4-1024x683.png 1024w, https:\/\/advensia.de\/fr\/wp-content\/uploads\/2020\/04\/AdobeStock_120902001-4-300x200.png 300w, https:\/\/advensia.de\/fr\/wp-content\/uploads\/2020\/04\/AdobeStock_120902001-4-768x512.png 768w, https:\/\/advensia.de\/fr\/wp-content\/uploads\/2020\/04\/AdobeStock_120902001-4-90x60.png 90w\" sizes=\"(max-width: 1024px) 100vw, 1024px\" \/><\/a><\/figure><\/div>\n<\/div>\n<\/div>\n","protected":false},"excerpt":{"rendered":"<p>Avec une forte\u00a0 exp\u00e9rience de meilleures pratiques de plus de 10 ans et des r\u00e9f\u00e9rences majeures, les experts Advensia apportent leur savoir-faire aux clients \u00a0pour mettre en place des solutions autour de L\u2019int\u00e9gration de solutions RTLS La Data Intelligence Le d\u00e9veloppement Full Stack (Front-end et Back-end) Int\u00e9gration de solutions RTLS Framework Data Intelligence ADVENSIA Digital<\/p>\n<a class=\"btn_a\" href=\"https:\/\/advensia.de\/fr\/expertise\/\"><span><i class=\"in_left fa fa-angle-right\"><\/i><span>Details<\/span><i class=\"in_right fa fa-angle-right\"><\/i><\/span><\/a>","protected":false},"author":2,"featured_media":292,"parent":0,"menu_order":0,"comment_status":"closed","ping_status":"closed","template":"page-fullwidth.php","meta":{"footnotes":""},"_links":{"self":[{"href":"https:\/\/advensia.de\/fr\/wp-json\/wp\/v2\/pages\/29"}],"collection":[{"href":"https:\/\/advensia.de\/fr\/wp-json\/wp\/v2\/pages"}],"about":[{"href":"https:\/\/advensia.de\/fr\/wp-json\/wp\/v2\/types\/page"}],"author":[{"embeddable":true,"href":"https:\/\/advensia.de\/fr\/wp-json\/wp\/v2\/users\/2"}],"replies":[{"embeddable":true,"href":"https:\/\/advensia.de\/fr\/wp-json\/wp\/v2\/comments?post=29"}],"version-history":[{"count":13,"href":"https:\/\/advensia.de\/fr\/wp-json\/wp\/v2\/pages\/29\/revisions"}],"predecessor-version":[{"id":467,"href":"https:\/\/advensia.de\/fr\/wp-json\/wp\/v2\/pages\/29\/revisions\/467"}],"wp:featuredmedia":[{"embeddable":true,"href":"https:\/\/advensia.de\/fr\/wp-json\/wp\/v2\/media\/292"}],"wp:attachment":[{"href":"https:\/\/advensia.de\/fr\/wp-json\/wp\/v2\/media?parent=29"}],"curies":[{"name":"wp","href":"https:\/\/api.w.org\/{rel}","templated":true}]}}