{"id":33,"date":"2020-03-27T10:27:13","date_gmt":"2020-03-27T10:27:13","guid":{"rendered":"https:\/\/advensia.de\/fr\/?page_id=33"},"modified":"2020-04-09T18:43:51","modified_gmt":"2020-04-09T18:43:51","slug":"recherche-et-innovation","status":"publish","type":"page","link":"https:\/\/advensia.de\/fr\/recherche-et-innovation\/","title":{"rendered":"Innovation &#038; Recherche"},"content":{"rendered":"\n<blockquote class=\"wp-block-quote\"><p>L\u00b4innovation distingue clairement le leader du suiveur.<\/p><cite>Steve Jobs<\/cite><\/blockquote>\n\n\n\n<h4 class=\"wp-block-heading\" style=\"text-align:center\">L\u2019innovation est\u00a0la\u00a0cl\u00e9 de d\u00e9veloppement des march\u00e9s et la cr\u00e9ation de nouvelles opportunit\u00e9s Business<\/h4>\n\n\n\n<div class=\"wp-block-columns has-2-columns is-layout-flex wp-container-core-columns-layout-1 wp-block-columns-is-layout-flex\">\n<div class=\"wp-block-column is-layout-flow wp-block-column-is-layout-flow\">\n<p><\/p>\n<\/div>\n\n\n\n<div class=\"wp-block-column is-layout-flow wp-block-column-is-layout-flow\"><\/div>\n<\/div>\n\n\n\n<p>Advensia accorde une grande importance \u00e0 l\u2019innovation en tant que cl\u00e9 d\u2019\u00e9volution des nouveaux march\u00e9s. <\/p>\n\n\n\n<p>Advensia est au coeur de l\u2019innovation et a \u00e9t\u00e9 fortement impliqu\u00e9e dans plusieurs projets de recherche EU. <\/p>\n\n\n\n<p>Nos principales comp\u00e9tences dans les projets sont les : <\/p>\n\n\n\n<p>Nos comp\u00e9tences cl\u00e9s dans les projets: <\/p>\n\n\n\n<ul><li>Internet des objets <\/li><li>Syt\u00e8mes de localisation en temps r\u00e9els (avec des&nbsp; technologies UWB, GPS, Bluetooth, WiFi \u2026) <\/li><li>Syst\u00e8mes d\u2019identification (RFID) <\/li><li>R\u00e9seaux de capteurs sans fil distribu\u00e9s<\/li><li>Architecture orient\u00e9e service (SOA: Service Oriented Architecture) <\/li><li>Gestion de base de donn\u00e9es  <\/li><\/ul>\n\n\n\n<div class=\"wp-block-columns has-2-columns is-layout-flex wp-container-core-columns-layout-2 wp-block-columns-is-layout-flex\">\n<div class=\"wp-block-column is-layout-flow wp-block-column-is-layout-flow\">\n<p><\/p>\n<\/div>\n\n\n\n<div class=\"wp-block-column is-layout-flow wp-block-column-is-layout-flow\"><\/div>\n<\/div>\n\n\n\n<div class=\"wp-block-columns has-2-columns is-layout-flex wp-container-core-columns-layout-3 wp-block-columns-is-layout-flex\">\n<div class=\"wp-block-column is-layout-flow wp-block-column-is-layout-flow\">\n<figure class=\"wp-block-image is-resized\"><img loading=\"lazy\" decoding=\"async\" src=\"https:\/\/advensia.de\/fr\/wp-content\/uploads\/2020\/03\/crema-logo-hires-1024x642.jpg\" alt=\"\" class=\"wp-image-137\" width=\"217\" height=\"136\" srcset=\"https:\/\/advensia.de\/fr\/wp-content\/uploads\/2020\/03\/crema-logo-hires-1024x642.jpg 1024w, https:\/\/advensia.de\/fr\/wp-content\/uploads\/2020\/03\/crema-logo-hires-300x188.jpg 300w, https:\/\/advensia.de\/fr\/wp-content\/uploads\/2020\/03\/crema-logo-hires-768x482.jpg 768w, https:\/\/advensia.de\/fr\/wp-content\/uploads\/2020\/03\/crema-logo-hires-605x377.jpg 605w\" sizes=\"(max-width: 217px) 100vw, 217px\" \/><\/figure>\n<\/div>\n\n\n\n<div class=\"wp-block-column is-layout-flow wp-block-column-is-layout-flow\">\n<p>Le projet s\u2019inscrit dans le cadre de l\u2019Industrie 4.0. L\u2019objectif est de d\u00e9velopper un syst\u00e8me qui permet de g\u00e9rer les processus industriels dans un cloud via l\u2019IoT (Internet des objets) et d\u2019automatiser les \u00e9tapes de travail internes. Les cybersyst\u00e8mes physiques (CPS) sont d\u00e9velopp\u00e9s pour transformer les objets physiques (par exemple les produits, les outils, les machines, les robots) en services abstraits. Ceux-ci sont ensuite mis en r\u00e9seau et&nbsp; connect\u00e9s dans un cloud. Des informations importantes (p. ex. retards, d\u00e9fauts de machine, etc.) sont transmises de mani\u00e8re transparente aux personnes responsables respectives. CREMA aide &nbsp;\u00e0 optimiser les processus de fabrication et offre un march\u00e9 B2B pour mettre gratuitement les ressources \u00e0 la disposition d\u2019autres clients. <\/p>\n\n\n\n<p>Lien Projet:  <a rel=\"noreferrer noopener\" href=\"http:\/\/www.crema-project.eu\/\" target=\"_blank\">www.crema-project.eu<\/a> <\/p>\n<\/div>\n<\/div>\n\n\n\n<div class=\"wp-block-columns has-2-columns is-layout-flex wp-container-core-columns-layout-4 wp-block-columns-is-layout-flex\">\n<div class=\"wp-block-column is-layout-flow wp-block-column-is-layout-flow\">\n<p>Un\nprojet europ\u00e9en avec divers partenaires acad\u00e9miques et industriels. Replicator\n\u00abRobotic Evolutionary Self-Programming and Self-Assembling Organisms \u00bb est l\u2019un\ndes plus grands projets dans le domaine de la robotique modulaire \u00ab Robotic\nEvolutionary Self-Programming and Self-Assembling Organisms \u00bb.<\/p>\n\n\n\n<p>L\u2019objectif du projet est de d\u00e9velopper un syst\u00e8me robotique avanc\u00e9 \u00e0 base d\u2019un essaim de robots compos\u00e9 de petits micro-robots mobiles &amp;autonomes. Ils sont capables de s\u2019organiser, &nbsp;d\u2019apprendre et de se transformer en organismes artificiels intelligents. Bas\u00e9s sur des sous-syst\u00e8mes modulaires qui peuvent \u00eatre reconfigur\u00e9s ind\u00e9pendamment, les organismes robotis\u00e9s ont des autobus d\u2019\u00e9nergie et d\u2019information communs ainsi que des m\u00e9canismes de transport fiables. <\/p>\n\n\n\n<p>Les essaims de robots sont capables de travailler de fa\u00e7on autonome dans des situations incertaines en raison de leurs propres capacit\u00e9s cognitives et structures de contr\u00f4le.<\/p>\n\n\n\n<p>Lien Projet:  <a href=\"https:\/\/cordis.europa.eu\/project\/id\/216240\">https:\/\/cordis.europa.eu\/project\/id\/216240<\/a> <\/p>\n<\/div>\n\n\n\n<div class=\"wp-block-column is-layout-flow wp-block-column-is-layout-flow\">\n<figure class=\"wp-block-image\"><img loading=\"lazy\" decoding=\"async\" width=\"400\" height=\"120\" src=\"https:\/\/advensia.de\/fr\/wp-content\/uploads\/2020\/03\/logo-Replicator.jpg\" alt=\"\" class=\"wp-image-140\" srcset=\"https:\/\/advensia.de\/fr\/wp-content\/uploads\/2020\/03\/logo-Replicator.jpg 400w, https:\/\/advensia.de\/fr\/wp-content\/uploads\/2020\/03\/logo-Replicator-300x90.jpg 300w\" sizes=\"(max-width: 400px) 100vw, 400px\" \/><\/figure>\n<\/div>\n<\/div>\n\n\n\n<div class=\"wp-block-columns has-2-columns is-layout-flex wp-container-core-columns-layout-5 wp-block-columns-is-layout-flex\">\n<div class=\"wp-block-column is-layout-flow wp-block-column-is-layout-flow\">\n<figure class=\"wp-block-image\"><img loading=\"lazy\" decoding=\"async\" width=\"200\" height=\"100\" src=\"https:\/\/advensia.de\/fr\/wp-content\/uploads\/2020\/03\/hydrosys.png\" alt=\"\" class=\"wp-image-141\"\/><\/figure>\n<\/div>\n\n\n\n<div class=\"wp-block-column is-layout-flow wp-block-column-is-layout-flow\">\n<p>Un projet pluridisciplinaire de l\u2019UE qui regroupe des partenaires des domaines de l\u2019informatique, de la m\u00e9trologie, de l\u2019hydrologie et de la recherche sur les risques naturels. L\u2019objectif du projet est de d\u00e9velopper une infrastructure syst\u00e8me pour soutenir les diff\u00e9rents groupes d\u2019utilisateurs travaillant sur la gestion des ressources naturelles, leur transformation et la collecte de donn\u00e9es. Les besoins et les exigences des utilisateurs respectifs sont primordiaux. Ces groupes d\u2019utilisateurs sont, par exemple, des bureaux de gestion des risques naturels, des exploitants de chemins de fer de montagnes, des fournisseurs d\u2019\u00e9nergie et d\u2019eau, des autorit\u00e9s publiques ou des scientifiques de diverses disciplines. Des ordinateurs de terrain et des r\u00e9seaux de capteurs sont d\u00e9velopp\u00e9s et con\u00e7us de fa\u00e7on \u00e0 \u00eatre &nbsp;tr\u00e8s mobiles et flexibles. Ils &nbsp;sont utilis\u00e9s sur le terrain et permettent &nbsp;une meilleure pr\u00e9diction et r\u00e9activit\u00e9 aux \u00e9v\u00e9nements naturels inattendus. <\/p>\n\n\n\n<p>Lien Projet:  <a href=\"https:\/\/cordis.europa.eu\/project\/id\/224416\">https:\/\/cordis.europa.eu\/project\/id\/224416<\/a> <\/p>\n<\/div>\n<\/div>\n","protected":false},"excerpt":{"rendered":"<p>L\u00b4innovation distingue clairement le leader du suiveur. Steve Jobs L\u2019innovation est\u00a0la\u00a0cl\u00e9 de d\u00e9veloppement des march\u00e9s et la cr\u00e9ation de nouvelles opportunit\u00e9s Business Advensia accorde une grande importance \u00e0 l\u2019innovation en tant que cl\u00e9 d\u2019\u00e9volution des nouveaux march\u00e9s. Advensia est au coeur de l\u2019innovation et a \u00e9t\u00e9 fortement impliqu\u00e9e dans plusieurs projets de recherche EU. Nos<\/p>\n<a class=\"btn_a\" href=\"https:\/\/advensia.de\/fr\/recherche-et-innovation\/\"><span><i class=\"in_left fa fa-angle-right\"><\/i><span>Details<\/span><i class=\"in_right fa fa-angle-right\"><\/i><\/span><\/a>","protected":false},"author":2,"featured_media":307,"parent":0,"menu_order":0,"comment_status":"closed","ping_status":"closed","template":"page-fullwidth.php","meta":{"footnotes":""},"_links":{"self":[{"href":"https:\/\/advensia.de\/fr\/wp-json\/wp\/v2\/pages\/33"}],"collection":[{"href":"https:\/\/advensia.de\/fr\/wp-json\/wp\/v2\/pages"}],"about":[{"href":"https:\/\/advensia.de\/fr\/wp-json\/wp\/v2\/types\/page"}],"author":[{"embeddable":true,"href":"https:\/\/advensia.de\/fr\/wp-json\/wp\/v2\/users\/2"}],"replies":[{"embeddable":true,"href":"https:\/\/advensia.de\/fr\/wp-json\/wp\/v2\/comments?post=33"}],"version-history":[{"count":10,"href":"https:\/\/advensia.de\/fr\/wp-json\/wp\/v2\/pages\/33\/revisions"}],"predecessor-version":[{"id":473,"href":"https:\/\/advensia.de\/fr\/wp-json\/wp\/v2\/pages\/33\/revisions\/473"}],"wp:featuredmedia":[{"embeddable":true,"href":"https:\/\/advensia.de\/fr\/wp-json\/wp\/v2\/media\/307"}],"wp:attachment":[{"href":"https:\/\/advensia.de\/fr\/wp-json\/wp\/v2\/media?parent=33"}],"curies":[{"name":"wp","href":"https:\/\/api.w.org\/{rel}","templated":true}]}}