{"id":348,"date":"2020-04-03T13:53:20","date_gmt":"2020-04-03T13:53:20","guid":{"rendered":"https:\/\/advensia.de\/fr\/?page_id=348"},"modified":"2020-04-06T11:29:01","modified_gmt":"2020-04-06T11:29:01","slug":"nos-partenaires","status":"publish","type":"page","link":"https:\/\/advensia.de\/fr\/qui-nous-sommes\/nos-partenaires\/","title":{"rendered":"Nos Partenaires"},"content":{"rendered":"\n<p>Le choix&nbsp;de bons outils, des technologies ad\u00e9quates et l\u2019utilisation de la bonne expertise sont des \u00e9l\u00e9ments cl\u00e9s pour nos transformations num\u00e9riques r\u00e9ussies.   <\/p>\n\n\n\n<p>Notre r\u00e9seau de&nbsp;partenaires technologiques et strat\u00e9giques renforce&nbsp;nos comp\u00e9tences et&nbsp;nous permet de garder un \u0153il averti sur les \u00e9volutions&nbsp;et les tendances du march\u00e9. <\/p>\n\n\n\n<p>Nous maintenons des relations de collaboration avec nos partenaires technologiques \u00e9changeant de l\u2019expertise, am\u00e9liorant les capacit\u00e9s et identifier de nouvelles opportunit\u00e9s. <\/p>\n\n\n\n<p>Afin de mettre en place la bonne solution pour r\u00e9pondre aux besoins de nos clients, nous utilisons notre r\u00e9seau de partenaires.   <\/p>\n\n\n\n<div class=\"wp-block-columns has-2-columns is-layout-flex wp-container-core-columns-layout-1 wp-block-columns-is-layout-flex\">\n<div class=\"wp-block-column is-layout-flow wp-block-column-is-layout-flow\">\n<p><\/p>\n<\/div>\n\n\n\n<div class=\"wp-block-column is-layout-flow wp-block-column-is-layout-flow\"><\/div>\n<\/div>\n\n\n\n<div class=\"wp-block-columns has-2-columns is-layout-flex wp-container-core-columns-layout-2 wp-block-columns-is-layout-flex\">\n<div class=\"wp-block-column is-layout-flow wp-block-column-is-layout-flow\">\n<div class=\"wp-block-image\"><figure class=\"aligncenter is-resized\"><a href=\"https:\/\/ubisense.com\"><img loading=\"lazy\" decoding=\"async\" src=\"https:\/\/advensia.de\/fr\/wp-content\/uploads\/2020\/04\/ubisense.jpg\" alt=\"\" class=\"wp-image-357\" width=\"128\" height=\"31\" srcset=\"https:\/\/advensia.de\/fr\/wp-content\/uploads\/2020\/04\/ubisense.jpg 512w, https:\/\/advensia.de\/fr\/wp-content\/uploads\/2020\/04\/ubisense-300x72.jpg 300w\" sizes=\"(max-width: 128px) 100vw, 128px\" \/><\/a><\/figure><\/div>\n<\/div>\n\n\n\n<div class=\"wp-block-column is-layout-flow wp-block-column-is-layout-flow\">\n<p>Ubisense est notre partenaire de solutions RTLS notamment la plateforme Smartspace utilis\u00e9e dans plusieurs projets en Industrie 4.0.<strong> <\/strong>Le syst\u00e8me RTLS Ubisense est bas\u00e9 sur la technologie UWB. Ubisense est une soci\u00e9t\u00e9 pilier dans les technologies connect\u00e9es, \u00e9tablie depuis 10 ans dans les secteurs de l\u2019industrie automobile,  a\u00e9ronautique et les logistiques. <\/p>\n<\/div>\n<\/div>\n\n\n\n<div class=\"wp-block-columns has-2-columns is-layout-flex wp-container-core-columns-layout-3 wp-block-columns-is-layout-flex\">\n<div class=\"wp-block-column is-layout-flow wp-block-column-is-layout-flow\">\n<p><\/p>\n<\/div>\n\n\n\n<div class=\"wp-block-column is-layout-flow wp-block-column-is-layout-flow\"><\/div>\n<\/div>\n\n\n\n<div class=\"wp-block-columns has-2-columns is-layout-flex wp-container-core-columns-layout-4 wp-block-columns-is-layout-flex\">\n<div class=\"wp-block-column is-layout-flow wp-block-column-is-layout-flow\">\n<div class=\"wp-block-image\"><figure class=\"aligncenter is-resized\"><a href=\"https:\/\/www.stanleyhealthcare.com\/\"><img loading=\"lazy\" decoding=\"async\" src=\"https:\/\/advensia.de\/fr\/wp-content\/uploads\/2020\/04\/stanley-healthcare-logo.jpg\" alt=\"\" class=\"wp-image-359\" width=\"150\" height=\"74\"\/><\/a><\/figure><\/div>\n<\/div>\n\n\n\n<div class=\"wp-block-column is-layout-flow wp-block-column-is-layout-flow\">\n<p>STANLEY Healthcare fournit des solutions innovantes et des technologies connect\u00e9es pour les acteurs de l\u2019\u00e9cosyst\u00e8me de la sant\u00e9. Ses solutions sont d\u00e9ploy\u00e9es dans les \u00e9tablissements de retraite, des h\u00f4pitaux et des cliniques.  <\/p>\n<\/div>\n<\/div>\n\n\n\n<div class=\"wp-block-columns has-2-columns is-layout-flex wp-container-core-columns-layout-5 wp-block-columns-is-layout-flex\">\n<div class=\"wp-block-column is-layout-flow wp-block-column-is-layout-flow\">\n<p><\/p>\n<\/div>\n\n\n\n<div class=\"wp-block-column is-layout-flow wp-block-column-is-layout-flow\"><\/div>\n<\/div>\n\n\n\n<div class=\"wp-block-columns has-2-columns is-layout-flex wp-container-core-columns-layout-6 wp-block-columns-is-layout-flex\">\n<div class=\"wp-block-column is-layout-flow wp-block-column-is-layout-flow\">\n<div class=\"wp-block-image\"><figure class=\"aligncenter is-resized\"><a href=\"https:\/\/www.enlightedinc.com\/\"><img loading=\"lazy\" decoding=\"async\" src=\"https:\/\/advensia.de\/fr\/wp-content\/uploads\/2020\/04\/images.png\" alt=\"\" class=\"wp-image-361\" width=\"114\" height=\"28\" srcset=\"https:\/\/advensia.de\/fr\/wp-content\/uploads\/2020\/04\/images.png 456w, https:\/\/advensia.de\/fr\/wp-content\/uploads\/2020\/04\/images-300x72.png 300w\" sizes=\"(max-width: 114px) 100vw, 114px\" \/><\/a><\/figure><\/div>\n<\/div>\n\n\n\n<div class=\"wp-block-column is-layout-flow wp-block-column-is-layout-flow\">\n<p>Enlighted Allemagne, r\u00e9cemment connue sous le nom de \u00ab\u00a0Siemens Industry Software GmbH\u00a0\u00bb, est une filiale de Siemens. Notre partenaire est \u00e9tabli dans le secteur \u00ab\u00a0Smart Building\u00a0\u00bb et fournit une plateforme technologique de gestion d\u00b4\u00e9nergie et d\u00b4\u00e9clairage intelligent leader pour les solutions IoT d\u00e9di\u00e9es aux b\u00e2timents intelligents.<\/p>\n<\/div>\n<\/div>\n\n\n\n<div class=\"wp-block-columns has-2-columns is-layout-flex wp-container-core-columns-layout-7 wp-block-columns-is-layout-flex\">\n<div class=\"wp-block-column is-layout-flow wp-block-column-is-layout-flow\">\n<p><\/p>\n<\/div>\n\n\n\n<div class=\"wp-block-column is-layout-flow wp-block-column-is-layout-flow\"><\/div>\n<\/div>\n\n\n\n<div class=\"wp-block-columns has-2-columns is-layout-flex wp-container-core-columns-layout-8 wp-block-columns-is-layout-flex\">\n<div class=\"wp-block-column is-layout-flow wp-block-column-is-layout-flow\">\n<div class=\"wp-block-image\"><figure class=\"aligncenter is-resized\"><a href=\"https:\/\/www.control2k.co.uk\/\"><img loading=\"lazy\" decoding=\"async\" src=\"https:\/\/advensia.de\/fr\/wp-content\/uploads\/2020\/04\/c2klogo_0.jpg\" alt=\"\" class=\"wp-image-362\" width=\"160\" height=\"34\" srcset=\"https:\/\/advensia.de\/fr\/wp-content\/uploads\/2020\/04\/c2klogo_0.jpg 640w, https:\/\/advensia.de\/fr\/wp-content\/uploads\/2020\/04\/c2klogo_0-300x63.jpg 300w, https:\/\/advensia.de\/fr\/wp-content\/uploads\/2020\/04\/c2klogo_0-605x134.jpg 605w\" sizes=\"(max-width: 160px) 100vw, 160px\" \/><\/a><\/figure><\/div>\n<\/div>\n\n\n\n<div class=\"wp-block-column is-layout-flow wp-block-column-is-layout-flow\">\n<p>Control 2K fournit une gamme de services pour l\u2019industrie, avec une  expertise de plus de 15 ans sur les syst\u00e8mes embarqu\u00e9s et PLC (Programmation des automates) et des solutions d\u2019int\u00e9gration de syst\u00e8mes. <\/p>\n<\/div>\n<\/div>\n\n\n\n<div class=\"wp-block-columns has-2-columns is-layout-flex wp-container-core-columns-layout-9 wp-block-columns-is-layout-flex\">\n<div class=\"wp-block-column is-layout-flow wp-block-column-is-layout-flow\">\n<p><\/p>\n<\/div>\n\n\n\n<div class=\"wp-block-column is-layout-flow wp-block-column-is-layout-flow\"><\/div>\n<\/div>\n\n\n\n<div class=\"wp-block-columns has-2-columns is-layout-flex wp-container-core-columns-layout-10 wp-block-columns-is-layout-flex\">\n<div class=\"wp-block-column is-layout-flow wp-block-column-is-layout-flow\">\n<div class=\"wp-block-image\"><figure class=\"aligncenter is-resized\"><a href=\"http:\/\/www.wilab.tech\/\"><img loading=\"lazy\" decoding=\"async\" src=\"https:\/\/advensia.de\/fr\/wp-content\/uploads\/2020\/04\/wilab.png\" alt=\"\" class=\"wp-image-363\" width=\"100\" height=\"100\" srcset=\"https:\/\/advensia.de\/fr\/wp-content\/uploads\/2020\/04\/wilab.png 200w, https:\/\/advensia.de\/fr\/wp-content\/uploads\/2020\/04\/wilab-150x150.png 150w\" sizes=\"(max-width: 100px) 100vw, 100px\" \/><\/a><\/figure><\/div>\n<\/div>\n\n\n\n<div class=\"wp-block-column is-layout-flow wp-block-column-is-layout-flow\">\n<p>Wilab dispose d\u00b4un laboratoire multifonctionnel qui \u00e9tablit des \u00e9tudes comparatives sur les technologies connect\u00e9es et les solutions&nbsp;IoT sur le march\u00e9 (radio, infra-rouge, laser, optique, ultrason, ..).  <\/p>\n<\/div>\n<\/div>\n","protected":false},"excerpt":{"rendered":"<p>Le choix&nbsp;de bons outils, des technologies ad\u00e9quates et l\u2019utilisation de la bonne expertise sont des \u00e9l\u00e9ments cl\u00e9s pour nos transformations num\u00e9riques r\u00e9ussies. Notre r\u00e9seau de&nbsp;partenaires technologiques et strat\u00e9giques renforce&nbsp;nos comp\u00e9tences et&nbsp;nous permet de garder un \u0153il averti sur les \u00e9volutions&nbsp;et les tendances du march\u00e9. Nous maintenons des relations de collaboration avec nos partenaires technologiques \u00e9changeant<\/p>\n<a class=\"btn_a\" href=\"https:\/\/advensia.de\/fr\/qui-nous-sommes\/nos-partenaires\/\"><span><i class=\"in_left fa fa-angle-right\"><\/i><span>Details<\/span><i class=\"in_right fa fa-angle-right\"><\/i><\/span><\/a>","protected":false},"author":2,"featured_media":0,"parent":22,"menu_order":0,"comment_status":"closed","ping_status":"closed","template":"page-fullwidth.php","meta":{"footnotes":""},"_links":{"self":[{"href":"https:\/\/advensia.de\/fr\/wp-json\/wp\/v2\/pages\/348"}],"collection":[{"href":"https:\/\/advensia.de\/fr\/wp-json\/wp\/v2\/pages"}],"about":[{"href":"https:\/\/advensia.de\/fr\/wp-json\/wp\/v2\/types\/page"}],"author":[{"embeddable":true,"href":"https:\/\/advensia.de\/fr\/wp-json\/wp\/v2\/users\/2"}],"replies":[{"embeddable":true,"href":"https:\/\/advensia.de\/fr\/wp-json\/wp\/v2\/comments?post=348"}],"version-history":[{"count":22,"href":"https:\/\/advensia.de\/fr\/wp-json\/wp\/v2\/pages\/348\/revisions"}],"predecessor-version":[{"id":452,"href":"https:\/\/advensia.de\/fr\/wp-json\/wp\/v2\/pages\/348\/revisions\/452"}],"up":[{"embeddable":true,"href":"https:\/\/advensia.de\/fr\/wp-json\/wp\/v2\/pages\/22"}],"wp:attachment":[{"href":"https:\/\/advensia.de\/fr\/wp-json\/wp\/v2\/media?parent=348"}],"curies":[{"name":"wp","href":"https:\/\/api.w.org\/{rel}","templated":true}]}}