{"id":36,"date":"2020-03-27T10:28:32","date_gmt":"2020-03-27T10:28:32","guid":{"rendered":"https:\/\/advensia.de\/fr\/?page_id=36"},"modified":"2020-04-09T18:45:06","modified_gmt":"2020-04-09T18:45:06","slug":"carriere","status":"publish","type":"page","link":"https:\/\/advensia.de\/fr\/carriere\/","title":{"rendered":"Carri\u00e8re"},"content":{"rendered":"\n<h4 class=\"wp-block-heading\" style=\"text-align:center\">Travailler \u00e0 ADVENSIA<\/h4>\n\n\n\n<div class=\"wp-block-columns has-2-columns is-layout-flex wp-container-core-columns-layout-1 wp-block-columns-is-layout-flex\">\n<div class=\"wp-block-column is-layout-flow wp-block-column-is-layout-flow\">\n<p><\/p>\n<\/div>\n\n\n\n<div class=\"wp-block-column is-layout-flow wp-block-column-is-layout-flow\"><\/div>\n<\/div>\n\n\n\n<div class=\"wp-block-columns has-2-columns is-layout-flex wp-container-core-columns-layout-2 wp-block-columns-is-layout-flex\">\n<div class=\"wp-block-column is-layout-flow wp-block-column-is-layout-flow\">\n<p>La diversit\u00e9 de nos domaines d\u2019activit\u00e9s, notre entreprise en pleine croissance et la nature des projets sur lesquels nous travaillons sont des atouts qui font de nous une communaut\u00e9 d\u2019innovateurs et de r\u00e9solveurs de probl\u00e8mes. Notre \u00e9quipe d\u00e9veloppe des solutions et des services logiciels de pointe dans l\u2019industrie. Nous sommes fiers de notre culture de respect, de collaboration et d\u2019innovation partag\u00e9e et pratiqu\u00e9e par tous nos employ\u00e9s. Nous sommes ravis d\u2019accueillir des personnes qui offrent motivation et expertise. Entrez en contact et explorez nos postes vacants actuels et futurs.   <\/p>\n<\/div>\n\n\n\n<div class=\"wp-block-column is-layout-flow wp-block-column-is-layout-flow\">\n<figure class=\"wp-block-image\"><img loading=\"lazy\" decoding=\"async\" width=\"1024\" height=\"683\" src=\"https:\/\/advensia.de\/fr\/wp-content\/uploads\/2020\/04\/AdobeStock_80217849-1024x683.jpeg\" alt=\"\" class=\"wp-image-296\" srcset=\"https:\/\/advensia.de\/fr\/wp-content\/uploads\/2020\/04\/AdobeStock_80217849-1024x683.jpeg 1024w, https:\/\/advensia.de\/fr\/wp-content\/uploads\/2020\/04\/AdobeStock_80217849-300x200.jpeg 300w, https:\/\/advensia.de\/fr\/wp-content\/uploads\/2020\/04\/AdobeStock_80217849-768x512.jpeg 768w, https:\/\/advensia.de\/fr\/wp-content\/uploads\/2020\/04\/AdobeStock_80217849-90x60.jpeg 90w\" sizes=\"(max-width: 1024px) 100vw, 1024px\" \/><\/figure>\n<\/div>\n<\/div>\n\n\n\n<div class=\"wp-block-columns has-2-columns is-layout-flex wp-container-core-columns-layout-3 wp-block-columns-is-layout-flex\">\n<div class=\"wp-block-column is-layout-flow wp-block-column-is-layout-flow\">\n<p><\/p>\n<\/div>\n\n\n\n<div class=\"wp-block-column is-layout-flow wp-block-column-is-layout-flow\"><\/div>\n<\/div>\n\n\n\n<h4 class=\"wp-block-heading\"><em><a href=\"https:\/\/advensia.de\/fr\/carriere\/offres-demlpoi\/\">Offres d\u00b4emploi +<\/a><\/em><\/h4>\n\n\n\n<div class=\"wp-block-columns has-2-columns is-layout-flex wp-container-core-columns-layout-4 wp-block-columns-is-layout-flex\">\n<div class=\"wp-block-column is-layout-flow wp-block-column-is-layout-flow\">\n<p><\/p>\n<\/div>\n\n\n\n<div class=\"wp-block-column is-layout-flow wp-block-column-is-layout-flow\"><\/div>\n<\/div>\n\n\n\n<h4 class=\"wp-block-heading\"><em><a href=\"https:\/\/advensia.de\/fr\/carriere\/candidature-spontannee\/\">Candidature Spontann\u00e9e<\/a><\/em><a href=\"https:\/\/advensia.de\/fr\/carriere\/candidature-spontannee\/\"> +<\/a><\/h4>\n","protected":false},"excerpt":{"rendered":"<p>Travailler \u00e0 ADVENSIA La diversit\u00e9 de nos domaines d\u2019activit\u00e9s, notre entreprise en pleine croissance et la nature des projets sur lesquels nous travaillons sont des atouts qui font de nous une communaut\u00e9 d\u2019innovateurs et de r\u00e9solveurs de probl\u00e8mes. Notre \u00e9quipe d\u00e9veloppe des solutions et des services logiciels de pointe dans l\u2019industrie. Nous sommes fiers de<\/p>\n<a class=\"btn_a\" href=\"https:\/\/advensia.de\/fr\/carriere\/\"><span><i class=\"in_left fa fa-angle-right\"><\/i><span>Details<\/span><i class=\"in_right fa fa-angle-right\"><\/i><\/span><\/a>","protected":false},"author":2,"featured_media":300,"parent":0,"menu_order":0,"comment_status":"closed","ping_status":"closed","template":"page-fullwidth.php","meta":{"footnotes":""},"_links":{"self":[{"href":"https:\/\/advensia.de\/fr\/wp-json\/wp\/v2\/pages\/36"}],"collection":[{"href":"https:\/\/advensia.de\/fr\/wp-json\/wp\/v2\/pages"}],"about":[{"href":"https:\/\/advensia.de\/fr\/wp-json\/wp\/v2\/types\/page"}],"author":[{"embeddable":true,"href":"https:\/\/advensia.de\/fr\/wp-json\/wp\/v2\/users\/2"}],"replies":[{"embeddable":true,"href":"https:\/\/advensia.de\/fr\/wp-json\/wp\/v2\/comments?post=36"}],"version-history":[{"count":9,"href":"https:\/\/advensia.de\/fr\/wp-json\/wp\/v2\/pages\/36\/revisions"}],"predecessor-version":[{"id":474,"href":"https:\/\/advensia.de\/fr\/wp-json\/wp\/v2\/pages\/36\/revisions\/474"}],"wp:featuredmedia":[{"embeddable":true,"href":"https:\/\/advensia.de\/fr\/wp-json\/wp\/v2\/media\/300"}],"wp:attachment":[{"href":"https:\/\/advensia.de\/fr\/wp-json\/wp\/v2\/media?parent=36"}],"curies":[{"name":"wp","href":"https:\/\/api.w.org\/{rel}","templated":true}]}}