{"id":371,"date":"2020-04-03T14:34:41","date_gmt":"2020-04-03T14:34:41","guid":{"rendered":"https:\/\/advensia.de\/fr\/?page_id=371"},"modified":"2020-04-09T18:41:18","modified_gmt":"2020-04-09T18:41:18","slug":"digital-web-full-stack","status":"publish","type":"page","link":"https:\/\/advensia.de\/fr\/expertise\/digital-web-full-stack\/","title":{"rendered":"DIGITAL &#038; WEB: Full Stack"},"content":{"rendered":"\n<div class=\"wp-block-columns has-2-columns is-layout-flex wp-container-core-columns-layout-1 wp-block-columns-is-layout-flex\">\n<div class=\"wp-block-column is-layout-flow wp-block-column-is-layout-flow\">\n<p><\/p>\n<\/div>\n\n\n\n<div class=\"wp-block-column is-layout-flow wp-block-column-is-layout-flow\">\n<p><\/p>\n<\/div>\n<\/div>\n\n\n\n<p> Les experts d\u2019Advensia ont une\u00a0 exp\u00e9rience \u00ab\u00a0Best Practice\u00a0\u00bb en mati\u00e8re de d\u00e9veloppement Front-end et Back-end. <\/p>\n\n\n\n<div class=\"wp-block-columns has-2-columns is-layout-flex wp-container-core-columns-layout-2 wp-block-columns-is-layout-flex\">\n<div class=\"wp-block-column is-layout-flow wp-block-column-is-layout-flow\">\n<p><\/p>\n<\/div>\n\n\n\n<div class=\"wp-block-column is-layout-flow wp-block-column-is-layout-flow\"><\/div>\n<\/div>\n\n\n\n<div class=\"wp-block-columns has-2-columns is-layout-flex wp-container-core-columns-layout-3 wp-block-columns-is-layout-flex\">\n<div class=\"wp-block-column is-layout-flow wp-block-column-is-layout-flow\">\n<p style=\"font-size:24px\"><strong>D\u00e9veloppement Frontend<\/strong><\/p>\n<\/div>\n\n\n\n<div class=\"wp-block-column is-layout-flow wp-block-column-is-layout-flow\">\n<ul><li>Sp\u00e9cifications,\u00a0 conception et impl\u00e9mentation des interfaces utilisateur desktop et mobile<\/li><li>Conception et impl\u00e9mentation des IHM (Interfaces de machines humaines)<\/li><\/ul>\n<\/div>\n<\/div>\n\n\n\n<div class=\"wp-block-columns has-2-columns is-layout-flex wp-container-core-columns-layout-4 wp-block-columns-is-layout-flex\">\n<div class=\"wp-block-column is-layout-flow wp-block-column-is-layout-flow\">\n<p><\/p>\n<\/div>\n\n\n\n<div class=\"wp-block-column is-layout-flow wp-block-column-is-layout-flow\"><\/div>\n<\/div>\n\n\n\n<div class=\"wp-block-columns has-2-columns is-layout-flex wp-container-core-columns-layout-5 wp-block-columns-is-layout-flex\">\n<div class=\"wp-block-column is-layout-flow wp-block-column-is-layout-flow\">\n<p style=\"font-size:24px\"><strong>D\u00e9veloppement Backend<\/strong><\/p>\n<\/div>\n\n\n\n<div class=\"wp-block-column is-layout-flow wp-block-column-is-layout-flow\">\n<ul><li>Mise en place du moteur et des algorithmes de fonctionnement des interfaces utilisateur. <\/li><li>Maitrise de langages de programmation c\u00f4t\u00e9 serveur d\u2019une interface utilisateur ou d\u2019une application IoT. <\/li><li>Interfa\u00e7age avec les Bases de donn\u00e9es et adaptation de la couche de persistance de donn\u00e9es et des services. <\/li><li>Mise en \u0153uvre de la m\u00e9thodologie et des outils pour extraire les donn\u00e9es, les fusionner et les interpr\u00e9ter interpr\u00e9t\u00e9es dans une logique d\u2019entreprise.<\/li><\/ul>\n<\/div>\n<\/div>\n\n\n\n<div class=\"wp-block-columns has-2-columns is-layout-flex wp-container-core-columns-layout-6 wp-block-columns-is-layout-flex\">\n<div class=\"wp-block-column is-layout-flow wp-block-column-is-layout-flow\">\n<p><\/p>\n<\/div>\n\n\n\n<div class=\"wp-block-column is-layout-flow wp-block-column-is-layout-flow\"><\/div>\n<\/div>\n\n\n\n<div class=\"wp-block-image\"><figure class=\"aligncenter\"><img loading=\"lazy\" decoding=\"async\" width=\"1024\" height=\"683\" src=\"https:\/\/advensia.de\/fr\/wp-content\/uploads\/2020\/04\/AdobeStock_120902001_2-1024x683.png\" alt=\"\" class=\"wp-image-404\" srcset=\"https:\/\/advensia.de\/fr\/wp-content\/uploads\/2020\/04\/AdobeStock_120902001_2-1024x683.png 1024w, https:\/\/advensia.de\/fr\/wp-content\/uploads\/2020\/04\/AdobeStock_120902001_2-300x200.png 300w, https:\/\/advensia.de\/fr\/wp-content\/uploads\/2020\/04\/AdobeStock_120902001_2-768x512.png 768w, https:\/\/advensia.de\/fr\/wp-content\/uploads\/2020\/04\/AdobeStock_120902001_2-90x60.png 90w\" sizes=\"(max-width: 1024px) 100vw, 1024px\" \/><\/figure><\/div>\n\n\n\n<p><\/p>\n","protected":false},"excerpt":{"rendered":"<p>Les experts d\u2019Advensia ont une\u00a0 exp\u00e9rience \u00ab\u00a0Best Practice\u00a0\u00bb en mati\u00e8re de d\u00e9veloppement Front-end et Back-end. D\u00e9veloppement Frontend Sp\u00e9cifications,\u00a0 conception et impl\u00e9mentation des interfaces utilisateur desktop et mobile Conception et impl\u00e9mentation des IHM (Interfaces de machines humaines) D\u00e9veloppement Backend Mise en place du moteur et des algorithmes de fonctionnement des interfaces utilisateur. Maitrise de langages de<\/p>\n<a class=\"btn_a\" href=\"https:\/\/advensia.de\/fr\/expertise\/digital-web-full-stack\/\"><span><i class=\"in_left fa fa-angle-right\"><\/i><span>Details<\/span><i class=\"in_right fa fa-angle-right\"><\/i><\/span><\/a>","protected":false},"author":2,"featured_media":0,"parent":29,"menu_order":0,"comment_status":"closed","ping_status":"closed","template":"page-fullwidth.php","meta":{"footnotes":""},"_links":{"self":[{"href":"https:\/\/advensia.de\/fr\/wp-json\/wp\/v2\/pages\/371"}],"collection":[{"href":"https:\/\/advensia.de\/fr\/wp-json\/wp\/v2\/pages"}],"about":[{"href":"https:\/\/advensia.de\/fr\/wp-json\/wp\/v2\/types\/page"}],"author":[{"embeddable":true,"href":"https:\/\/advensia.de\/fr\/wp-json\/wp\/v2\/users\/2"}],"replies":[{"embeddable":true,"href":"https:\/\/advensia.de\/fr\/wp-json\/wp\/v2\/comments?post=371"}],"version-history":[{"count":5,"href":"https:\/\/advensia.de\/fr\/wp-json\/wp\/v2\/pages\/371\/revisions"}],"predecessor-version":[{"id":472,"href":"https:\/\/advensia.de\/fr\/wp-json\/wp\/v2\/pages\/371\/revisions\/472"}],"up":[{"embeddable":true,"href":"https:\/\/advensia.de\/fr\/wp-json\/wp\/v2\/pages\/29"}],"wp:attachment":[{"href":"https:\/\/advensia.de\/fr\/wp-json\/wp\/v2\/media?parent=371"}],"curies":[{"name":"wp","href":"https:\/\/api.w.org\/{rel}","templated":true}]}}