{"id":38,"date":"2020-03-27T10:28:57","date_gmt":"2020-03-27T10:28:57","guid":{"rendered":"https:\/\/advensia.de\/fr\/?page_id=38"},"modified":"2020-04-09T18:47:09","modified_gmt":"2020-04-09T18:47:09","slug":"nous-contacter","status":"publish","type":"page","link":"https:\/\/advensia.de\/fr\/nous-contacter\/","title":{"rendered":"Nous contacter"},"content":{"rendered":"\n<h2 class=\"wp-block-heading\"><\/h2>\n\n\n\n<p style=\"text-align:center\" class=\"has-text-color has-medium-font-size has-vivid-cyan-blue-color\"><strong>Vous voulez vous diff\u00e9rencier et d\u00e9velopper le potentiel de vos donn\u00e9es\u00a0? Vous voulez cr\u00e9er un Digital Twin intelligent de votre organisation\u00a0? <\/strong><\/p>\n\n\n\n<p style=\"text-align:center\" class=\"has-medium-font-size\"><strong>Nous sommes ravis de prendre contact avec vous pour discuter des besoins de votre entreprise et des diff\u00e9rents enjeux et cas d\u00b4usage. <\/strong><\/p>\n\n\n\n<div class=\"wp-block-columns has-2-columns is-layout-flex wp-container-core-columns-layout-1 wp-block-columns-is-layout-flex\">\n<div class=\"wp-block-column is-layout-flow wp-block-column-is-layout-flow\">\n<p><\/p>\n<\/div>\n\n\n\n<div class=\"wp-block-column is-layout-flow wp-block-column-is-layout-flow\"><\/div>\n<\/div>\n\n\n\n<p style=\"text-align:center\">Nous sommes ravis d\u00b4entrer en contact avec vous pour discuter des besoins de votre entreprise et des diff\u00e9rents enjeux et cas d\u00b4usage. <\/p>\n\n\n<div class=\"wpforms-container wpforms-container-full\" id=\"wpforms-230\"><form id=\"wpforms-form-230\" class=\"wpforms-validate wpforms-form\" data-formid=\"230\" method=\"post\" enctype=\"multipart\/form-data\" action=\"\/fr\/wp-json\/wp\/v2\/pages\/38\"><noscript class=\"wpforms-error-noscript\">Please enable JavaScript in your browser to complete this form.<\/noscript><div class=\"wpforms-field-container\"><div id=\"wpforms-230-field_0-container\" class=\"wpforms-field wpforms-field-name\" data-field-id=\"0\"><label class=\"wpforms-field-label\" for=\"wpforms-230-field_0\">Identit\u00e9 <span class=\"wpforms-required-label\">*<\/span><\/label><div class=\"wpforms-field-row wpforms-field-medium\"><div class=\"wpforms-field-row-block wpforms-first wpforms-one-half\"><input type=\"text\" id=\"wpforms-230-field_0\" class=\"wpforms-field-name-first wpforms-field-required\" name=\"wpforms[fields][0][first]\" required><label for=\"wpforms-230-field_0\" class=\"wpforms-field-sublabel after \">Pr\u00e9nom<\/label><\/div><div class=\"wpforms-field-row-block wpforms-one-half\"><input type=\"text\" id=\"wpforms-230-field_0-last\" class=\"wpforms-field-name-last wpforms-field-required\" name=\"wpforms[fields][0][last]\" required><label for=\"wpforms-230-field_0-last\" class=\"wpforms-field-sublabel after \">Nom<\/label><\/div><\/div><\/div><div id=\"wpforms-230-field_1-container\" class=\"wpforms-field wpforms-field-email\" data-field-id=\"1\"><label class=\"wpforms-field-label\" for=\"wpforms-230-field_1\">E-mail <span class=\"wpforms-required-label\">*<\/span><\/label><input type=\"email\" id=\"wpforms-230-field_1\" class=\"wpforms-field-medium wpforms-field-required\" name=\"wpforms[fields][1]\" required><\/div><div id=\"wpforms-230-field_2-container\" class=\"wpforms-field wpforms-field-textarea\" data-field-id=\"2\"><label class=\"wpforms-field-label\" for=\"wpforms-230-field_2\">Message <span class=\"wpforms-required-label\">*<\/span><\/label><textarea id=\"wpforms-230-field_2\" class=\"wpforms-field-medium wpforms-field-required\" name=\"wpforms[fields][2]\" required><\/textarea><\/div><\/div><div class=\"wpforms-field wpforms-field-hp\"><label for=\"wpforms-230-field-hp\" class=\"wpforms-field-label\">Website<\/label><input type=\"text\" name=\"wpforms[hp]\" id=\"wpforms-230-field-hp\" class=\"wpforms-field-medium\"><\/div><div class=\"wpforms-recaptcha-container\" ><div class=\"g-recaptcha\" data-sitekey=\"6LeUkuQUAAAAADyKDSq2-VZmvXjHY5pcOeewZ2Fs\"><\/div><input type=\"text\" name=\"g-recaptcha-hidden\" class=\"wpforms-recaptcha-hidden\" style=\"position:absolute!important;clip:rect(0,0,0,0)!important;height:1px!important;width:1px!important;border:0!important;overflow:hidden!important;padding:0!important;margin:0!important;\" required><\/div><div class=\"wpforms-submit-container\" ><input type=\"hidden\" name=\"wpforms[id]\" value=\"230\"><input type=\"hidden\" name=\"wpforms[author]\" value=\"2\"><button type=\"submit\" name=\"wpforms[submit]\" class=\"wpforms-submit \" id=\"wpforms-submit-230\" value=\"wpforms-submit\" aria-live=\"assertive\" data-alt-text=\"Envoi...\" data-submit-text=\"Envoyer\">Envoyer<\/button><\/div><\/form><\/div>  <!-- .wpforms-container --><div><\/div>\n\n\n<div class=\"wp-block-columns has-2-columns is-layout-flex wp-container-core-columns-layout-2 wp-block-columns-is-layout-flex\">\n<div class=\"wp-block-column is-layout-flow wp-block-column-is-layout-flow\">\n<p><\/p>\n<\/div>\n\n\n\n<div class=\"wp-block-column is-layout-flow wp-block-column-is-layout-flow\"><\/div>\n<\/div>\n\n\n\n<div class=\"wp-block-columns has-2-columns is-layout-flex wp-container-core-columns-layout-3 wp-block-columns-is-layout-flex\">\n<div class=\"wp-block-column is-layout-flow wp-block-column-is-layout-flow\">\n<p><strong>Advensia GmbH<\/strong><br>Kernerstra\u00dfe 2a<br>70182 Stuttgart<\/p>\n\n\n\n<p>Email:&nbsp;<a href=\"mailto:info@advensia.de\">info@advensia.de<\/a><br>Tel:&nbsp;<a href=\"tel: (+49) 711 50 49 22 19\">+49 711 50 49 22 19<\/a><br>Telefax:&nbsp;<a href=\"tel: (+49) 711 50 49 22 20\">+49 711 50 49 22 20<\/a><br>Mobile:&nbsp;<a href=\"tel: +49 160 90 30 92 28\">+49 160 90 30 92 28<\/a>&nbsp;\/&nbsp;<a href=\"tel: +49 176 23 25 72 64\">+49 176 23 25 72 64<\/a><\/p>\n<\/div>\n\n\n\n<div class=\"wp-block-column is-layout-flow wp-block-column-is-layout-flow\">\n<figure class=\"wp-block-image\"><img loading=\"lazy\" decoding=\"async\" width=\"1024\" height=\"683\" src=\"https:\/\/advensia.de\/fr\/wp-content\/uploads\/2020\/04\/AdobeStock_198549824-1024x683.jpeg\" alt=\"\" class=\"wp-image-313\" srcset=\"https:\/\/advensia.de\/fr\/wp-content\/uploads\/2020\/04\/AdobeStock_198549824-1024x683.jpeg 1024w, https:\/\/advensia.de\/fr\/wp-content\/uploads\/2020\/04\/AdobeStock_198549824-300x200.jpeg 300w, https:\/\/advensia.de\/fr\/wp-content\/uploads\/2020\/04\/AdobeStock_198549824-768x512.jpeg 768w, https:\/\/advensia.de\/fr\/wp-content\/uploads\/2020\/04\/AdobeStock_198549824-90x60.jpeg 90w\" sizes=\"(max-width: 1024px) 100vw, 1024px\" \/><\/figure>\n<\/div>\n<\/div>\n","protected":false},"excerpt":{"rendered":"<p>Vous voulez vous diff\u00e9rencier et d\u00e9velopper le potentiel de vos donn\u00e9es\u00a0? Vous voulez cr\u00e9er un Digital Twin intelligent de votre organisation\u00a0? Nous sommes ravis de prendre contact avec vous pour discuter des besoins de votre entreprise et des diff\u00e9rents enjeux et cas d\u00b4usage. Nous sommes ravis d\u00b4entrer en contact avec vous pour discuter des besoins<\/p>\n<a class=\"btn_a\" href=\"https:\/\/advensia.de\/fr\/nous-contacter\/\"><span><i class=\"in_left fa fa-angle-right\"><\/i><span>Details<\/span><i class=\"in_right fa fa-angle-right\"><\/i><\/span><\/a>","protected":false},"author":2,"featured_media":0,"parent":0,"menu_order":0,"comment_status":"closed","ping_status":"closed","template":"page-fullwidth.php","meta":{"footnotes":""},"_links":{"self":[{"href":"https:\/\/advensia.de\/fr\/wp-json\/wp\/v2\/pages\/38"}],"collection":[{"href":"https:\/\/advensia.de\/fr\/wp-json\/wp\/v2\/pages"}],"about":[{"href":"https:\/\/advensia.de\/fr\/wp-json\/wp\/v2\/types\/page"}],"author":[{"embeddable":true,"href":"https:\/\/advensia.de\/fr\/wp-json\/wp\/v2\/users\/2"}],"replies":[{"embeddable":true,"href":"https:\/\/advensia.de\/fr\/wp-json\/wp\/v2\/comments?post=38"}],"version-history":[{"count":6,"href":"https:\/\/advensia.de\/fr\/wp-json\/wp\/v2\/pages\/38\/revisions"}],"predecessor-version":[{"id":477,"href":"https:\/\/advensia.de\/fr\/wp-json\/wp\/v2\/pages\/38\/revisions\/477"}],"wp:attachment":[{"href":"https:\/\/advensia.de\/fr\/wp-json\/wp\/v2\/media?parent=38"}],"curies":[{"name":"wp","href":"https:\/\/api.w.org\/{rel}","templated":true}]}}