{"id":40,"date":"2020-03-27T10:30:42","date_gmt":"2020-03-27T10:30:42","guid":{"rendered":"https:\/\/advensia.de\/fr\/?page_id=40"},"modified":"2020-03-27T15:57:53","modified_gmt":"2020-03-27T15:57:53","slug":"offres-demlpoi","status":"publish","type":"page","link":"https:\/\/advensia.de\/fr\/carriere\/offres-demlpoi\/","title":{"rendered":"Offres d&#8217;emploi"},"content":{"rendered":"\n<p>D\u00e9veloppeur de logiciels junior<\/p>\n\n\n\n<p>Architecte d\u00e9velopper de logiciels<\/p>\n\n\n\n<p>Administrateur IT<\/p>\n\n\n\n<p>Stage \u00e9tudiant<\/p>\n","protected":false},"excerpt":{"rendered":"<p>D\u00e9veloppeur de logiciels junior Architecte d\u00e9velopper de logiciels Administrateur IT Stage \u00e9tudiant<\/p>\n<a class=\"btn_a\" href=\"https:\/\/advensia.de\/fr\/carriere\/offres-demlpoi\/\"><span><i class=\"in_left fa fa-angle-right\"><\/i><span>Details<\/span><i class=\"in_right fa fa-angle-right\"><\/i><\/span><\/a>","protected":false},"author":2,"featured_media":0,"parent":36,"menu_order":0,"comment_status":"closed","ping_status":"closed","template":"page-fullwidth.php","meta":{"footnotes":""},"_links":{"self":[{"href":"https:\/\/advensia.de\/fr\/wp-json\/wp\/v2\/pages\/40"}],"collection":[{"href":"https:\/\/advensia.de\/fr\/wp-json\/wp\/v2\/pages"}],"about":[{"href":"https:\/\/advensia.de\/fr\/wp-json\/wp\/v2\/types\/page"}],"author":[{"embeddable":true,"href":"https:\/\/advensia.de\/fr\/wp-json\/wp\/v2\/users\/2"}],"replies":[{"embeddable":true,"href":"https:\/\/advensia.de\/fr\/wp-json\/wp\/v2\/comments?post=40"}],"version-history":[{"count":3,"href":"https:\/\/advensia.de\/fr\/wp-json\/wp\/v2\/pages\/40\/revisions"}],"predecessor-version":[{"id":123,"href":"https:\/\/advensia.de\/fr\/wp-json\/wp\/v2\/pages\/40\/revisions\/123"}],"up":[{"embeddable":true,"href":"https:\/\/advensia.de\/fr\/wp-json\/wp\/v2\/pages\/36"}],"wp:attachment":[{"href":"https:\/\/advensia.de\/fr\/wp-json\/wp\/v2\/media?parent=40"}],"curies":[{"name":"wp","href":"https:\/\/api.w.org\/{rel}","templated":true}]}}