{"id":70,"date":"2020-03-27T11:19:54","date_gmt":"2020-03-27T11:19:54","guid":{"rendered":"https:\/\/advensia.de\/fr\/?page_id=70"},"modified":"2020-04-06T11:19:55","modified_gmt":"2020-04-06T11:19:55","slug":"consulting","status":"publish","type":"page","link":"https:\/\/advensia.de\/fr\/portefeuille-de-services\/consulting\/","title":{"rendered":"Consulting"},"content":{"rendered":"\n<p>Advensia met \u00e0 votre disposition ses comp\u00e9tences et son savoir-faire autour des plateformes IoT, RTLS et logicielles, capables de superviser aussi bien l\u00b4\u00e9tat que la position en temps r\u00e9el et de connecter les personnes et les objets.<\/p>\n\n\n\n<p>Nos services et solutions\u00a0permettent une prise en compte de bout en bout de vos enjeux et probl\u00e8mes sp\u00e9cifiques. \u00a0<\/p>\n\n\n\n<p>Une \u00e9quipe de consultants et d\u2019experts est \u00e0 votre disposition pour cr\u00e9er un jumeau num\u00e9rique (Digital Twin) \u00e0 votre espace physique capable de contr\u00f4ler les appareils, d\u00e9clencher des alarmes et mettre \u00e0 jour les syst\u00e8mes.  <\/p>\n\n\n\n<p>Nous\ncombinons l\u2019expertise multidisciplinaire de nos \u00e9quipes (Nouvelles\nTechnologies, Num\u00e9rique, Strat\u00e9gie, Gestion du Changement, Soutien Go-live) et\noffrons un support de bout en bout. Ensemble, nous utilisons&nbsp; la bonne expertise et les bons outils pour\nexploiter et analyser vos donn\u00e9es. <\/p>\n\n\n\n<div class=\"wp-block-columns has-2-columns is-layout-flex wp-container-core-columns-layout-1 wp-block-columns-is-layout-flex\">\n<div class=\"wp-block-column is-layout-flow wp-block-column-is-layout-flow\">\n<p><\/p>\n<\/div>\n\n\n\n<div class=\"wp-block-column is-layout-flow wp-block-column-is-layout-flow\"><\/div>\n<\/div>\n\n\n\n<p class=\"has-text-color has-medium-font-size has-vivid-cyan-blue-color\"><strong>Nos services de Consulting : <\/strong><\/p>\n\n\n\n<div class=\"wp-block-columns has-2-columns is-layout-flex wp-container-core-columns-layout-2 wp-block-columns-is-layout-flex\">\n<div class=\"wp-block-column is-layout-flow wp-block-column-is-layout-flow\">\n<ul><li>Visent des solutions personnalis\u00e9es et adapt\u00e9es \u00e0 vos contextes <\/li><li>Sont Bas\u00e9s sur les syst\u00e8mes de communications, IoT et RTLS. <\/li><li>Permettent d\u2019am\u00e9liorer les processus op\u00e9rationnels et\u00a0      d\u2019anticiper les risques. <\/li><li>Assurent une int\u00e9gration de solutions \u00e0 la pointe de la technologie dans vos sites et      un RSI (Retour Sur Investissement) de vos programmes de transformation num\u00e9rique. <\/li><li>Identifient de nouvelles opportunit\u00e9s Business gr\u00e2ce \u00e0 la Data Intelligence. <\/li><\/ul>\n<\/div>\n\n\n\n<div class=\"wp-block-column is-layout-flow wp-block-column-is-layout-flow\">\n<div class=\"wp-block-image\"><figure class=\"aligncenter\"><img loading=\"lazy\" decoding=\"async\" width=\"1024\" height=\"683\" src=\"https:\/\/advensia.de\/fr\/wp-content\/uploads\/2020\/04\/AdobeStock_238602006-1024x683.jpeg\" alt=\"\" class=\"wp-image-320\" srcset=\"https:\/\/advensia.de\/fr\/wp-content\/uploads\/2020\/04\/AdobeStock_238602006-1024x683.jpeg 1024w, https:\/\/advensia.de\/fr\/wp-content\/uploads\/2020\/04\/AdobeStock_238602006-300x200.jpeg 300w, https:\/\/advensia.de\/fr\/wp-content\/uploads\/2020\/04\/AdobeStock_238602006-768x512.jpeg 768w, https:\/\/advensia.de\/fr\/wp-content\/uploads\/2020\/04\/AdobeStock_238602006-90x60.jpeg 90w\" sizes=\"(max-width: 1024px) 100vw, 1024px\" \/><\/figure><\/div>\n<\/div>\n<\/div>\n\n\n\n<div class=\"wp-block-columns has-2-columns is-layout-flex wp-container-core-columns-layout-3 wp-block-columns-is-layout-flex\">\n<div class=\"wp-block-column is-layout-flow wp-block-column-is-layout-flow\">\n<p><\/p>\n<\/div>\n\n\n\n<div class=\"wp-block-column is-layout-flow wp-block-column-is-layout-flow\"><\/div>\n<\/div>\n\n\n\n<p class=\"has-text-color has-medium-font-size has-vivid-cyan-blue-color\"><strong>Nous offrons des formations et des ateliers de<\/strong> :<\/p>\n\n\n\n<div class=\"wp-block-columns has-2-columns is-layout-flex wp-container-core-columns-layout-4 wp-block-columns-is-layout-flex\">\n<div class=\"wp-block-column is-layout-flow wp-block-column-is-layout-flow\">\n<ul><li>Normes, Standards et Interop\u00e9rabilit\u00e9 Healthcare<\/li><li> Technologies modernes et langages de programmation<\/li><li>Mise en place de solutions de localisation en temps r\u00e9el (RTLS) <\/li><\/ul>\n\n\n\n<p><\/p>\n<\/div>\n\n\n\n<div class=\"wp-block-column is-layout-flow wp-block-column-is-layout-flow\">\n<div class=\"wp-block-image\"><figure class=\"aligncenter\"><img loading=\"lazy\" decoding=\"async\" width=\"1024\" height=\"683\" src=\"https:\/\/advensia.de\/fr\/wp-content\/uploads\/2020\/04\/AdobeStock_9079869-1024x683.jpeg\" alt=\"\" class=\"wp-image-333\" srcset=\"https:\/\/advensia.de\/fr\/wp-content\/uploads\/2020\/04\/AdobeStock_9079869-1024x683.jpeg 1024w, https:\/\/advensia.de\/fr\/wp-content\/uploads\/2020\/04\/AdobeStock_9079869-300x200.jpeg 300w, https:\/\/advensia.de\/fr\/wp-content\/uploads\/2020\/04\/AdobeStock_9079869-768x512.jpeg 768w, https:\/\/advensia.de\/fr\/wp-content\/uploads\/2020\/04\/AdobeStock_9079869-90x60.jpeg 90w\" sizes=\"(max-width: 1024px) 100vw, 1024px\" \/><\/figure><\/div>\n<\/div>\n<\/div>\n","protected":false},"excerpt":{"rendered":"<p>Advensia met \u00e0 votre disposition ses comp\u00e9tences et son savoir-faire autour des plateformes IoT, RTLS et logicielles, capables de superviser aussi bien l\u00b4\u00e9tat que la position en temps r\u00e9el et de connecter les personnes et les objets. Nos services et solutions\u00a0permettent une prise en compte de bout en bout de vos enjeux et probl\u00e8mes sp\u00e9cifiques.<\/p>\n<a class=\"btn_a\" href=\"https:\/\/advensia.de\/fr\/portefeuille-de-services\/consulting\/\"><span><i class=\"in_left fa fa-angle-right\"><\/i><span>Details<\/span><i class=\"in_right fa fa-angle-right\"><\/i><\/span><\/a>","protected":false},"author":2,"featured_media":0,"parent":27,"menu_order":0,"comment_status":"closed","ping_status":"closed","template":"page-fullwidth.php","meta":{"footnotes":""},"_links":{"self":[{"href":"https:\/\/advensia.de\/fr\/wp-json\/wp\/v2\/pages\/70"}],"collection":[{"href":"https:\/\/advensia.de\/fr\/wp-json\/wp\/v2\/pages"}],"about":[{"href":"https:\/\/advensia.de\/fr\/wp-json\/wp\/v2\/types\/page"}],"author":[{"embeddable":true,"href":"https:\/\/advensia.de\/fr\/wp-json\/wp\/v2\/users\/2"}],"replies":[{"embeddable":true,"href":"https:\/\/advensia.de\/fr\/wp-json\/wp\/v2\/comments?post=70"}],"version-history":[{"count":11,"href":"https:\/\/advensia.de\/fr\/wp-json\/wp\/v2\/pages\/70\/revisions"}],"predecessor-version":[{"id":449,"href":"https:\/\/advensia.de\/fr\/wp-json\/wp\/v2\/pages\/70\/revisions\/449"}],"up":[{"embeddable":true,"href":"https:\/\/advensia.de\/fr\/wp-json\/wp\/v2\/pages\/27"}],"wp:attachment":[{"href":"https:\/\/advensia.de\/fr\/wp-json\/wp\/v2\/media?parent=70"}],"curies":[{"name":"wp","href":"https:\/\/api.w.org\/{rel}","templated":true}]}}