{"id":72,"date":"2020-03-27T11:20:44","date_gmt":"2020-03-27T11:20:44","guid":{"rendered":"https:\/\/advensia.de\/fr\/?page_id=72"},"modified":"2020-04-09T18:29:17","modified_gmt":"2020-04-09T18:29:17","slug":"implementation-integration-solutions-iot","status":"publish","type":"page","link":"https:\/\/advensia.de\/fr\/portefeuille-de-services\/implementation-integration-solutions-iot\/","title":{"rendered":"Impl\u00e9mentation\/Int\u00e9gration Solutions IoT"},"content":{"rendered":"\n<p> Nous d\u00e9veloppons des solutions personnalis\u00e9es avec diff\u00e9rents niveaux de complexit\u00e9\u00a0: de\u00a0simples applications web jusqu&rsquo;aux plateformes et solutions complexes tr\u00e8s d\u00e9velopp\u00e9es bas\u00e9es sur les syst\u00e8mes de communication, IoT et RFID\/RTLS.   <\/p>\n\n\n\n<p>Nos solutions rendent vos op\u00e9rations plus intelligentes, robustes et plus fiables.  <\/p>\n\n\n\n<p>Notre \u00e9quipe projet comprend des Project managers, des experts consultants et des architectes de solutions \/d\u00e9veloppeurs de logiciel.  <\/p>\n\n\n\n<p>Nos experts vous accompagnent \u00a0pour int\u00e9grer des solutions num\u00e9riques de pointe dans votre organisation,\u00a0 g\u00e9rer la mise en \u0153uvre et \u00e0 assurer un retour sur investissement de vos programmes de transformation num\u00e9rique.  <\/p>\n\n\n\n<p>Lors de l\u2019impl\u00e9mentation de la solution, nous accompagnons nos clients tout au long du parcours: De la preuve de concept et d\u00e9finition du p\u00e9rim\u00e8tre, passant par les sp\u00e9cifications d\u00e9taill\u00e9es et la conception jusqu&rsquo;\u00e0 la validation et la mise en service. <\/p>\n\n\n\n<div class=\"wp-block-columns has-2-columns is-layout-flex wp-container-core-columns-layout-1 wp-block-columns-is-layout-flex\">\n<div class=\"wp-block-column is-layout-flow wp-block-column-is-layout-flow\">\n<p><\/p>\n<\/div>\n\n\n\n<div class=\"wp-block-column is-layout-flow wp-block-column-is-layout-flow\"><\/div>\n<\/div>\n\n\n\n<div class=\"wp-block-image\"><figure class=\"aligncenter is-resized\"><img loading=\"lazy\" decoding=\"async\" src=\"https:\/\/advensia.de\/fr\/wp-content\/uploads\/2020\/03\/project-1024x429.png\" alt=\"\" class=\"wp-image-88\" width=\"680\" height=\"281\"\/><\/figure><\/div>\n","protected":false},"excerpt":{"rendered":"<p>Nous d\u00e9veloppons des solutions personnalis\u00e9es avec diff\u00e9rents niveaux de complexit\u00e9\u00a0: de\u00a0simples applications web jusqu&rsquo;aux plateformes et solutions complexes tr\u00e8s d\u00e9velopp\u00e9es bas\u00e9es sur les syst\u00e8mes de communication, IoT et RFID\/RTLS. Nos solutions rendent vos op\u00e9rations plus intelligentes, robustes et plus fiables. Notre \u00e9quipe projet comprend des Project managers, des experts consultants et des architectes de solutions<\/p>\n<a class=\"btn_a\" href=\"https:\/\/advensia.de\/fr\/portefeuille-de-services\/implementation-integration-solutions-iot\/\"><span><i class=\"in_left fa fa-angle-right\"><\/i><span>Details<\/span><i class=\"in_right fa fa-angle-right\"><\/i><\/span><\/a>","protected":false},"author":2,"featured_media":0,"parent":27,"menu_order":0,"comment_status":"closed","ping_status":"closed","template":"page-fullwidth.php","meta":{"footnotes":""},"_links":{"self":[{"href":"https:\/\/advensia.de\/fr\/wp-json\/wp\/v2\/pages\/72"}],"collection":[{"href":"https:\/\/advensia.de\/fr\/wp-json\/wp\/v2\/pages"}],"about":[{"href":"https:\/\/advensia.de\/fr\/wp-json\/wp\/v2\/types\/page"}],"author":[{"embeddable":true,"href":"https:\/\/advensia.de\/fr\/wp-json\/wp\/v2\/users\/2"}],"replies":[{"embeddable":true,"href":"https:\/\/advensia.de\/fr\/wp-json\/wp\/v2\/comments?post=72"}],"version-history":[{"count":8,"href":"https:\/\/advensia.de\/fr\/wp-json\/wp\/v2\/pages\/72\/revisions"}],"predecessor-version":[{"id":466,"href":"https:\/\/advensia.de\/fr\/wp-json\/wp\/v2\/pages\/72\/revisions\/466"}],"up":[{"embeddable":true,"href":"https:\/\/advensia.de\/fr\/wp-json\/wp\/v2\/pages\/27"}],"wp:attachment":[{"href":"https:\/\/advensia.de\/fr\/wp-json\/wp\/v2\/media?parent=72"}],"curies":[{"name":"wp","href":"https:\/\/api.w.org\/{rel}","templated":true}]}}