{"id":74,"date":"2020-03-27T11:21:08","date_gmt":"2020-03-27T11:21:08","guid":{"rendered":"https:\/\/advensia.de\/fr\/?page_id=74"},"modified":"2020-04-07T17:39:24","modified_gmt":"2020-04-07T17:39:24","slug":"run","status":"publish","type":"page","link":"https:\/\/advensia.de\/fr\/portefeuille-de-services\/run\/","title":{"rendered":"Run"},"content":{"rendered":"\n<div class=\"wp-block-columns has-2-columns is-layout-flex wp-container-core-columns-layout-1 wp-block-columns-is-layout-flex\">\n<div class=\"wp-block-column is-layout-flow wp-block-column-is-layout-flow\">\n<p>Un accompagnement sur place et \u00e0 distance pendant le Go-Live de votre nouvelle solution.<\/p>\n\n\n\n<p>Des\n&nbsp;services de d\u00e9veloppement near-shore de logiciel et plateformes dans les\ndomaines suivants&nbsp;: E-commerce, Middelware, applications distribu\u00e9es et\ncloud computing. <\/p>\n\n\n\n<p>Nous savons par exp\u00e9rience que cette phase est fondamentale \u00a0pour l\u2019acceptation de la solution par les utilisateurs finaux. Un d\u00e9fi qui suppose \u00a0une disponibilit\u00e9 continue et une r\u00e9action rapide. <\/p>\n\n\n\n<p>Nous offrons un support IT Helpdesk avec\u00a0: <\/p>\n\n\n\n<ul><li>Une gamme compl\u00e8te d\u2019activit\u00e9s de support selon les principes ITIL<\/li><li>Maintenance SW <\/li><li>T\u00e9l\u00e9surveillance du syst\u00e8me et gestion des incidents \u00e0 distance <\/li><li>Interventions sur site<\/li><li>Maintenance \u00e9volutive<\/li><\/ul>\n<\/div>\n\n\n\n<div class=\"wp-block-column is-layout-flow wp-block-column-is-layout-flow\">\n<div class=\"wp-block-image\"><figure class=\"aligncenter\"><img loading=\"lazy\" decoding=\"async\" width=\"1024\" height=\"576\" src=\"https:\/\/advensia.de\/fr\/wp-content\/uploads\/2020\/04\/AdobeStock_163119200-1024x576.jpeg\" alt=\"\" class=\"wp-image-337\" srcset=\"https:\/\/advensia.de\/fr\/wp-content\/uploads\/2020\/04\/AdobeStock_163119200-1024x576.jpeg 1024w, https:\/\/advensia.de\/fr\/wp-content\/uploads\/2020\/04\/AdobeStock_163119200-300x169.jpeg 300w, https:\/\/advensia.de\/fr\/wp-content\/uploads\/2020\/04\/AdobeStock_163119200-768x432.jpeg 768w\" sizes=\"(max-width: 1024px) 100vw, 1024px\" \/><\/figure><\/div>\n<\/div>\n<\/div>\n","protected":false},"excerpt":{"rendered":"<p>Un accompagnement sur place et \u00e0 distance pendant le Go-Live de votre nouvelle solution. Des &nbsp;services de d\u00e9veloppement near-shore de logiciel et plateformes dans les domaines suivants&nbsp;: E-commerce, Middelware, applications distribu\u00e9es et cloud computing. Nous savons par exp\u00e9rience que cette phase est fondamentale \u00a0pour l\u2019acceptation de la solution par les utilisateurs finaux. Un d\u00e9fi qui<\/p>\n<a class=\"btn_a\" href=\"https:\/\/advensia.de\/fr\/portefeuille-de-services\/run\/\"><span><i class=\"in_left fa fa-angle-right\"><\/i><span>Details<\/span><i class=\"in_right fa fa-angle-right\"><\/i><\/span><\/a>","protected":false},"author":2,"featured_media":0,"parent":27,"menu_order":0,"comment_status":"closed","ping_status":"closed","template":"page-fullwidth.php","meta":{"footnotes":""},"_links":{"self":[{"href":"https:\/\/advensia.de\/fr\/wp-json\/wp\/v2\/pages\/74"}],"collection":[{"href":"https:\/\/advensia.de\/fr\/wp-json\/wp\/v2\/pages"}],"about":[{"href":"https:\/\/advensia.de\/fr\/wp-json\/wp\/v2\/types\/page"}],"author":[{"embeddable":true,"href":"https:\/\/advensia.de\/fr\/wp-json\/wp\/v2\/users\/2"}],"replies":[{"embeddable":true,"href":"https:\/\/advensia.de\/fr\/wp-json\/wp\/v2\/comments?post=74"}],"version-history":[{"count":12,"href":"https:\/\/advensia.de\/fr\/wp-json\/wp\/v2\/pages\/74\/revisions"}],"predecessor-version":[{"id":457,"href":"https:\/\/advensia.de\/fr\/wp-json\/wp\/v2\/pages\/74\/revisions\/457"}],"up":[{"embeddable":true,"href":"https:\/\/advensia.de\/fr\/wp-json\/wp\/v2\/pages\/27"}],"wp:attachment":[{"href":"https:\/\/advensia.de\/fr\/wp-json\/wp\/v2\/media?parent=74"}],"curies":[{"name":"wp","href":"https:\/\/api.w.org\/{rel}","templated":true}]}}