{"id":76,"date":"2020-03-27T11:21:30","date_gmt":"2020-03-27T11:21:30","guid":{"rendered":"https:\/\/advensia.de\/fr\/?page_id=76"},"modified":"2020-04-07T17:47:21","modified_gmt":"2020-04-07T17:47:21","slug":"change","status":"publish","type":"page","link":"https:\/\/advensia.de\/fr\/portefeuille-de-services\/change\/","title":{"rendered":"Change"},"content":{"rendered":"\n<div class=\"wp-block-columns has-2-columns is-layout-flex wp-container-core-columns-layout-1 wp-block-columns-is-layout-flex\">\n<div class=\"wp-block-column is-layout-flow wp-block-column-is-layout-flow\">\n<p><\/p>\n<\/div>\n\n\n\n<div class=\"wp-block-column is-layout-flow wp-block-column-is-layout-flow\"><\/div>\n<\/div>\n\n\n\n<div class=\"wp-block-columns has-2-columns is-layout-flex wp-container-core-columns-layout-3 wp-block-columns-is-layout-flex\">\n<div class=\"wp-block-column is-layout-flow wp-block-column-is-layout-flow\">\n<p>Le change Management d\u2019 ADVENSIA permet \u00e0 votre organisation de\u00a0: <\/p>\n\n\n\n<ul><li>d\u00e9ployer plus facilement des \u00e9volutions ou des modifications <\/li><li>demander, prioriser, autoriser, approuver, planifier et mettre en \u0153uvre tout changement ou \u00e9volution dans une solution d\u00e9j\u00e0 en cours d\u2019ex\u00e9cution. <\/li><\/ul>\n\n\n\n<div class=\"wp-block-columns has-2-columns is-layout-flex wp-container-core-columns-layout-2 wp-block-columns-is-layout-flex\">\n<div class=\"wp-block-column is-layout-flow wp-block-column-is-layout-flow\">\n<p><\/p>\n<\/div>\n\n\n\n<div class=\"wp-block-column is-layout-flow wp-block-column-is-layout-flow\"><\/div>\n<\/div>\n\n\n\n<p>Notre offre se caract\u00e9rise par:<\/p>\n\n\n\n<ul><li>Un accompagnement au changement <\/li><li>Une  strat\u00e9gie adapt\u00e9e \u00e0 votre contexte <\/li><li>Un transfert technologique<\/li><li>Des ateliers de formation  <\/li><\/ul>\n<\/div>\n\n\n\n<div class=\"wp-block-column is-layout-flow wp-block-column-is-layout-flow\">\n<div class=\"wp-block-image\"><figure class=\"aligncenter\"><img loading=\"lazy\" decoding=\"async\" width=\"1024\" height=\"726\" src=\"https:\/\/advensia.de\/fr\/wp-content\/uploads\/2020\/04\/AdobeStock_64298352-1024x726.jpeg\" alt=\"\" class=\"wp-image-327\" srcset=\"https:\/\/advensia.de\/fr\/wp-content\/uploads\/2020\/04\/AdobeStock_64298352-1024x726.jpeg 1024w, https:\/\/advensia.de\/fr\/wp-content\/uploads\/2020\/04\/AdobeStock_64298352-300x213.jpeg 300w, https:\/\/advensia.de\/fr\/wp-content\/uploads\/2020\/04\/AdobeStock_64298352-768x544.jpeg 768w\" sizes=\"(max-width: 1024px) 100vw, 1024px\" \/><\/figure><\/div>\n<\/div>\n<\/div>\n","protected":false},"excerpt":{"rendered":"<p>Le change Management d\u2019 ADVENSIA permet \u00e0 votre organisation de\u00a0: d\u00e9ployer plus facilement des \u00e9volutions ou des modifications demander, prioriser, autoriser, approuver, planifier et mettre en \u0153uvre tout changement ou \u00e9volution dans une solution d\u00e9j\u00e0 en cours d\u2019ex\u00e9cution. Notre offre se caract\u00e9rise par: Un accompagnement au changement Une strat\u00e9gie adapt\u00e9e \u00e0 votre contexte Un transfert<\/p>\n<a class=\"btn_a\" href=\"https:\/\/advensia.de\/fr\/portefeuille-de-services\/change\/\"><span><i class=\"in_left fa fa-angle-right\"><\/i><span>Details<\/span><i class=\"in_right fa fa-angle-right\"><\/i><\/span><\/a>","protected":false},"author":2,"featured_media":0,"parent":27,"menu_order":0,"comment_status":"closed","ping_status":"closed","template":"page-fullwidth.php","meta":{"footnotes":""},"_links":{"self":[{"href":"https:\/\/advensia.de\/fr\/wp-json\/wp\/v2\/pages\/76"}],"collection":[{"href":"https:\/\/advensia.de\/fr\/wp-json\/wp\/v2\/pages"}],"about":[{"href":"https:\/\/advensia.de\/fr\/wp-json\/wp\/v2\/types\/page"}],"author":[{"embeddable":true,"href":"https:\/\/advensia.de\/fr\/wp-json\/wp\/v2\/users\/2"}],"replies":[{"embeddable":true,"href":"https:\/\/advensia.de\/fr\/wp-json\/wp\/v2\/comments?post=76"}],"version-history":[{"count":8,"href":"https:\/\/advensia.de\/fr\/wp-json\/wp\/v2\/pages\/76\/revisions"}],"predecessor-version":[{"id":462,"href":"https:\/\/advensia.de\/fr\/wp-json\/wp\/v2\/pages\/76\/revisions\/462"}],"up":[{"embeddable":true,"href":"https:\/\/advensia.de\/fr\/wp-json\/wp\/v2\/pages\/27"}],"wp:attachment":[{"href":"https:\/\/advensia.de\/fr\/wp-json\/wp\/v2\/media?parent=76"}],"curies":[{"name":"wp","href":"https:\/\/api.w.org\/{rel}","templated":true}]}}