{"id":91,"date":"2020-03-27T11:56:17","date_gmt":"2020-03-27T11:56:17","guid":{"rendered":"https:\/\/advensia.de\/fr\/?page_id=91"},"modified":"2020-04-09T18:39:25","modified_gmt":"2020-04-09T18:39:25","slug":"le-framework-data-intelligence-dadvensia","status":"publish","type":"page","link":"https:\/\/advensia.de\/fr\/expertise\/le-framework-data-intelligence-dadvensia\/","title":{"rendered":"Le Framework Data Intelligence d\u00b4ADVENSIA"},"content":{"rendered":"\n<p style=\"font-size:18px;text-align:center\" class=\"has-text-color has-background has-vivid-cyan-blue-color has-cyan-bluish-gray-background-color\"> <strong>Le Framework Data Intelligence d\u2019Advensia consiste \u00e0 cr\u00e9er de la valeur en tirant parti des donn\u00e9es collect\u00e9es et trait\u00e9es\u00a0: La valorisation des donn\u00e9es<\/strong>.<\/p>\n\n\n\n<p>Un levier d\u2019efficacit\u00e9 qui\u00a0 vous permet de maintenir votre avantage \u00e9conomique et concurrentiel en augmentant la visibilit\u00e9 de vos processus gr\u00e2ce \u00e0 votre <strong>Digital Twin <\/strong>intelligent.  <\/p>\n\n\n\n<div class=\"wp-block-columns has-2-columns is-layout-flex wp-container-core-columns-layout-1 wp-block-columns-is-layout-flex\">\n<div class=\"wp-block-column is-layout-flow wp-block-column-is-layout-flow\">\n<p><\/p>\n<\/div>\n\n\n\n<div class=\"wp-block-column is-layout-flow wp-block-column-is-layout-flow\"><\/div>\n<\/div>\n\n\n\n<div class=\"wp-block-columns has-2-columns is-layout-flex wp-container-core-columns-layout-2 wp-block-columns-is-layout-flex\">\n<div class=\"wp-block-column is-layout-flow wp-block-column-is-layout-flow\">\n<p class=\"has-normal-font-size\"> Le Framework s\u2019interface entre vos bases de donn\u00e9es ou votre r\u00e9seau de capteurs et vos applications de <strong>Business Intelligence<\/strong> sur site (ou cloud) via des <strong>APIs<\/strong>.&nbsp;  <\/p>\n<\/div>\n\n\n\n<div class=\"wp-block-column is-layout-flow wp-block-column-is-layout-flow\">\n<p class=\"has-normal-font-size\">Vos employ\u00e9s, dispositifs et objets divers sont intelligemment connect\u00e9s.  <\/p>\n<\/div>\n<\/div>\n\n\n\n<div class=\"wp-block-columns has-2-columns is-layout-flex wp-container-core-columns-layout-3 wp-block-columns-is-layout-flex\">\n<div class=\"wp-block-column is-layout-flow wp-block-column-is-layout-flow\">\n<p class=\"has-normal-font-size\">Les donn\u00e9es sont recueillies, g\u00e9r\u00e9es et transform\u00e9es en Business Intelligence. <\/p>\n<\/div>\n\n\n\n<div class=\"wp-block-column is-layout-flow wp-block-column-is-layout-flow\">\n<p class=\"has-normal-font-size\">Les donn\u00e9es peuvent \u00eatre des donn\u00e9es de <strong>localisation en temps r\u00e9el <\/strong>ou d\u2019autres <strong>donn\u00e9es de capteurs\/personnelles<\/strong> dans un business use case bien d\u00e9fini.  <\/p>\n<\/div>\n<\/div>\n\n\n\n<div class=\"wp-block-columns has-2-columns is-layout-flex wp-container-core-columns-layout-4 wp-block-columns-is-layout-flex\">\n<div class=\"wp-block-column is-layout-flow wp-block-column-is-layout-flow\">\n<p><\/p>\n<\/div>\n\n\n\n<div class=\"wp-block-column is-layout-flow wp-block-column-is-layout-flow\"><\/div>\n<\/div>\n\n\n\n<p>La mise en \u0153uvre de nos projets strat\u00e9giques repose sur une bonne ma\u00eetrise des innovations et des solutions march\u00e9 et sur une \u00e9quipe d\u00b4experts hautement qualifi\u00e9s en :<\/p>\n\n\n\n<div class=\"wp-block-columns has-2-columns is-layout-flex wp-container-core-columns-layout-5 wp-block-columns-is-layout-flex\">\n<div class=\"wp-block-column is-layout-flow wp-block-column-is-layout-flow\">\n<p><\/p>\n<\/div>\n\n\n\n<div class=\"wp-block-column is-layout-flow wp-block-column-is-layout-flow\"><\/div>\n<\/div>\n\n\n\n<ul><li>Conception et impl\u00e9mentation des applications m\u00e9tiers notamment (mais pas uniquement) les solutions <strong>IoT et RFID\/RTLS<\/strong>. <\/li><li>Mise en place de solutions en r\u00e9seau bas\u00e9es sur des technologies connect\u00e9es de pointe <\/li><li>D\u00e9veloppement des <strong>applications Web et mobiles d\u2019entreprise<\/strong><\/li><\/ul>\n\n\n\n<div class=\"wp-block-columns has-2-columns is-layout-flex wp-container-core-columns-layout-6 wp-block-columns-is-layout-flex\">\n<div class=\"wp-block-column is-layout-flow wp-block-column-is-layout-flow\">\n<p><\/p>\n<\/div>\n\n\n\n<div class=\"wp-block-column is-layout-flow wp-block-column-is-layout-flow\"><\/div>\n<\/div>\n\n\n\n<div class=\"wp-block-image\"><figure class=\"aligncenter\"><img loading=\"lazy\" decoding=\"async\" width=\"1024\" height=\"531\" src=\"https:\/\/advensia.de\/fr\/wp-content\/uploads\/2020\/04\/advensia-data-intelligence-framework-1024x531.png\" alt=\"\" class=\"wp-image-401\" srcset=\"https:\/\/advensia.de\/fr\/wp-content\/uploads\/2020\/04\/advensia-data-intelligence-framework-1024x531.png 1024w, https:\/\/advensia.de\/fr\/wp-content\/uploads\/2020\/04\/advensia-data-intelligence-framework-300x156.png 300w, https:\/\/advensia.de\/fr\/wp-content\/uploads\/2020\/04\/advensia-data-intelligence-framework-768x398.png 768w, https:\/\/advensia.de\/fr\/wp-content\/uploads\/2020\/04\/advensia-data-intelligence-framework.png 1452w\" sizes=\"(max-width: 1024px) 100vw, 1024px\" \/><\/figure><\/div>\n","protected":false},"excerpt":{"rendered":"<p>Le Framework Data Intelligence d\u2019Advensia consiste \u00e0 cr\u00e9er de la valeur en tirant parti des donn\u00e9es collect\u00e9es et trait\u00e9es\u00a0: La valorisation des donn\u00e9es. Un levier d\u2019efficacit\u00e9 qui\u00a0 vous permet de maintenir votre avantage \u00e9conomique et concurrentiel en augmentant la visibilit\u00e9 de vos processus gr\u00e2ce \u00e0 votre Digital Twin intelligent. Le Framework s\u2019interface entre vos bases<\/p>\n<a class=\"btn_a\" href=\"https:\/\/advensia.de\/fr\/expertise\/le-framework-data-intelligence-dadvensia\/\"><span><i class=\"in_left fa fa-angle-right\"><\/i><span>Details<\/span><i class=\"in_right fa fa-angle-right\"><\/i><\/span><\/a>","protected":false},"author":2,"featured_media":0,"parent":29,"menu_order":0,"comment_status":"closed","ping_status":"closed","template":"page-fullwidth.php","meta":{"footnotes":""},"_links":{"self":[{"href":"https:\/\/advensia.de\/fr\/wp-json\/wp\/v2\/pages\/91"}],"collection":[{"href":"https:\/\/advensia.de\/fr\/wp-json\/wp\/v2\/pages"}],"about":[{"href":"https:\/\/advensia.de\/fr\/wp-json\/wp\/v2\/types\/page"}],"author":[{"embeddable":true,"href":"https:\/\/advensia.de\/fr\/wp-json\/wp\/v2\/users\/2"}],"replies":[{"embeddable":true,"href":"https:\/\/advensia.de\/fr\/wp-json\/wp\/v2\/comments?post=91"}],"version-history":[{"count":6,"href":"https:\/\/advensia.de\/fr\/wp-json\/wp\/v2\/pages\/91\/revisions"}],"predecessor-version":[{"id":471,"href":"https:\/\/advensia.de\/fr\/wp-json\/wp\/v2\/pages\/91\/revisions\/471"}],"up":[{"embeddable":true,"href":"https:\/\/advensia.de\/fr\/wp-json\/wp\/v2\/pages\/29"}],"wp:attachment":[{"href":"https:\/\/advensia.de\/fr\/wp-json\/wp\/v2\/media?parent=91"}],"curies":[{"name":"wp","href":"https:\/\/api.w.org\/{rel}","templated":true}]}}