{"id":93,"date":"2020-03-27T11:57:03","date_gmt":"2020-03-27T11:57:03","guid":{"rendered":"https:\/\/advensia.de\/fr\/?page_id=93"},"modified":"2020-04-09T18:35:50","modified_gmt":"2020-04-09T18:35:50","slug":"integration-de-solutions-rtls","status":"publish","type":"page","link":"https:\/\/advensia.de\/fr\/expertise\/integration-de-solutions-rtls\/","title":{"rendered":"Int\u00e9gration de Solutions RTLS"},"content":{"rendered":"\n<h4 class=\"wp-block-heading\"><strong><em>Nous transformons les donn\u00e9es de localisation en Business Intelligence<\/em>, un pas vers votre jumeau digital<\/strong><\/h4>\n\n\n\n<p>Les solutions RTLS d\u2019Advensia utilisent des nouvelles technologies, fr\u00e9quences et architectures pour tirer le meilleur avantage pour r\u00e9pondre aux enjeux du client. <\/p>\n\n\n\n<p>Nous percevons avec les yeux du client et impl\u00e9mentons des solutions qui am\u00e9liorent l\u2019efficacit\u00e9 et le Retour sur Investissement(ROI) avec un business case bien d\u00e9fini et une haute qualit\u00e9 et fiabilit\u00e9. <\/p>\n\n\n\n<p>Il s\u2019agit d\u2019appliquer le Framework Data Intelligence ADVENSIA au cas particulier de l\u2019int\u00e9gration des solution RTLS.  <\/p>\n\n\n\n<div class=\"wp-block-columns has-2-columns is-layout-flex wp-container-core-columns-layout-1 wp-block-columns-is-layout-flex\">\n<div class=\"wp-block-column is-layout-flow wp-block-column-is-layout-flow\">\n<p>Durant pr\u00e8s de 15 ans d\u2019exp\u00e9rience, Advensia a pu d\u00e9velopper une expertise solide dans les technologies connect\u00e9es de pointe. Nous comprenons vos enjeux et mettons nos plateformes, nos services et nos solutions de tra\u00e7abilit\u00e9 \u00e0 votre disposition pour transformer votre espace physique en espace intelligent. Nous percevons avec les yeux du client et impl\u00e9mentons des solutions qui am\u00e9liorent l\u2019efficacit\u00e9 et le Retour sur Investissement (RSI) avec un business case bien d\u00e9fini et une haute qualit\u00e9 et fiabilit\u00e9. <\/p>\n\n\n\n<p>Nos plateformes et solutions RTLS sont adressent vos enjeux, r\u00e9pondent \u00e0\nvos besoins et vous aident \u00e0 atteindre de meilleurs niveaux de productivit\u00e9 et\nd\u2019efficacit\u00e9.<\/p>\n\n\n\n<p>Vos employ\u00e9s, mat\u00e9riel et produits sont connect\u00e9s intelligemment. Les donn\u00e9es sont collect\u00e9es, g\u00e9r\u00e9es et transform\u00e9es en Business Intelligence. Nous vous aidons \u00e0 cr\u00e9er une valeur ajout\u00e9e \u00e0 partir des donn\u00e9es. <\/p>\n\n\n\n<p>Les solutions RTLS d\u2019Advensia utilisent des nouvelles technologies,\nfr\u00e9quences et architectures pour tirer le meilleur avantage et r\u00e9pondre aux\nenjeux du client. Il s\u2019agit d\u2019appliquer le Framework Data Intelligence ADVENSIA\nen aval &nbsp;de l\u2019int\u00e9gration de solutions\nRTLS. Nous mettons en place pour nos clients des solutions technologique qui\noffrent un acc\u00e8s en temps r\u00e9el \u00e0 l\u2019information d\u00e9cisionnelle.<\/p>\n<\/div>\n\n\n\n<div class=\"wp-block-column is-layout-flow wp-block-column-is-layout-flow\">\n<figure class=\"wp-block-image\"><img loading=\"lazy\" decoding=\"async\" width=\"1024\" height=\"735\" src=\"https:\/\/advensia.de\/fr\/wp-content\/uploads\/2020\/04\/AdobeStock_70068997-1024x735.jpeg\" alt=\"\" class=\"wp-image-304\" srcset=\"https:\/\/advensia.de\/fr\/wp-content\/uploads\/2020\/04\/AdobeStock_70068997-1024x735.jpeg 1024w, https:\/\/advensia.de\/fr\/wp-content\/uploads\/2020\/04\/AdobeStock_70068997-300x215.jpeg 300w, https:\/\/advensia.de\/fr\/wp-content\/uploads\/2020\/04\/AdobeStock_70068997-768x551.jpeg 768w\" sizes=\"(max-width: 1024px) 100vw, 1024px\" \/><\/figure>\n<\/div>\n<\/div>\n\n\n\n<div class=\"wp-block-image\"><figure class=\"aligncenter\"><img loading=\"lazy\" decoding=\"async\" width=\"1024\" height=\"649\" src=\"https:\/\/advensia.de\/fr\/wp-content\/uploads\/2020\/03\/advensia-service-and-integration-1024x649.png\" alt=\"\" class=\"wp-image-135\" srcset=\"https:\/\/advensia.de\/fr\/wp-content\/uploads\/2020\/03\/advensia-service-and-integration-1024x649.png 1024w, https:\/\/advensia.de\/fr\/wp-content\/uploads\/2020\/03\/advensia-service-and-integration-300x190.png 300w, https:\/\/advensia.de\/fr\/wp-content\/uploads\/2020\/03\/advensia-service-and-integration-768x486.png 768w, https:\/\/advensia.de\/fr\/wp-content\/uploads\/2020\/03\/advensia-service-and-integration.png 1424w\" sizes=\"(max-width: 1024px) 100vw, 1024px\" \/><\/figure><\/div>\n","protected":false},"excerpt":{"rendered":"<p>Nous transformons les donn\u00e9es de localisation en Business Intelligence, un pas vers votre jumeau digital Les solutions RTLS d\u2019Advensia utilisent des nouvelles technologies, fr\u00e9quences et architectures pour tirer le meilleur avantage pour r\u00e9pondre aux enjeux du client. Nous percevons avec les yeux du client et impl\u00e9mentons des solutions qui am\u00e9liorent l\u2019efficacit\u00e9 et le Retour sur<\/p>\n<a class=\"btn_a\" href=\"https:\/\/advensia.de\/fr\/expertise\/integration-de-solutions-rtls\/\"><span><i class=\"in_left fa fa-angle-right\"><\/i><span>Details<\/span><i class=\"in_right fa fa-angle-right\"><\/i><\/span><\/a>","protected":false},"author":2,"featured_media":0,"parent":29,"menu_order":0,"comment_status":"closed","ping_status":"closed","template":"page-fullwidth.php","meta":{"footnotes":""},"_links":{"self":[{"href":"https:\/\/advensia.de\/fr\/wp-json\/wp\/v2\/pages\/93"}],"collection":[{"href":"https:\/\/advensia.de\/fr\/wp-json\/wp\/v2\/pages"}],"about":[{"href":"https:\/\/advensia.de\/fr\/wp-json\/wp\/v2\/types\/page"}],"author":[{"embeddable":true,"href":"https:\/\/advensia.de\/fr\/wp-json\/wp\/v2\/users\/2"}],"replies":[{"embeddable":true,"href":"https:\/\/advensia.de\/fr\/wp-json\/wp\/v2\/comments?post=93"}],"version-history":[{"count":6,"href":"https:\/\/advensia.de\/fr\/wp-json\/wp\/v2\/pages\/93\/revisions"}],"predecessor-version":[{"id":470,"href":"https:\/\/advensia.de\/fr\/wp-json\/wp\/v2\/pages\/93\/revisions\/470"}],"up":[{"embeddable":true,"href":"https:\/\/advensia.de\/fr\/wp-json\/wp\/v2\/pages\/29"}],"wp:attachment":[{"href":"https:\/\/advensia.de\/fr\/wp-json\/wp\/v2\/media?parent=93"}],"curies":[{"name":"wp","href":"https:\/\/api.w.org\/{rel}","templated":true}]}}